{"id":82711,"date":"2026-02-27T11:45:21","date_gmt":"2026-02-27T09:45:21","guid":{"rendered":"https:\/\/freshgarbage.fi\/tuote\/weekend-with-keith-tippett-live-at-ronnie-scotts\/"},"modified":"2026-02-27T11:45:21","modified_gmt":"2026-02-27T09:45:21","slug":"weekend-with-keith-tippett-live-at-ronnie-scotts","status":"publish","type":"product","link":"https:\/\/freshgarbage.fi\/en\/product\/weekend-with-keith-tippett-live-at-ronnie-scotts\/","title":{"rendered":"Weekend with Keith Tippett \u2013 Live At Ronnie Scott&#8217;s"},"content":{"rendered":"","protected":false},"excerpt":{"rendered":"<p>Alkuper\u00e4inen UK-painos. Mini-albumi.<\/p>\n<p>Etukannessa hieman pintarepe\u00e4m\u00e4\u00e4 ja takakannessa nimi.<\/p>\n","protected":false},"featured_media":82623,"template":"","meta":{"_acf_changed":false},"product_brand":[],"product_cat":[122],"product_tag":[],"class_list":{"0":"post-82711","1":"product","2":"type-product","3":"status-publish","4":"has-post-thumbnail","6":"product_cat-jazz-fusion-en","7":"pa_formaatti-lp-en","8":"pa_kaytetty-uusi-2nd-hand","10":"first","11":"instock","12":"shipping-taxable","13":"purchasable","14":"product-type-simple"},"acf":[],"_links":{"self":[{"href":"https:\/\/freshgarbage.fi\/en\/wp-json\/wp\/v2\/product\/82711","targetHints":{"allow":["GET"]}}],"collection":[{"href":"https:\/\/freshgarbage.fi\/en\/wp-json\/wp\/v2\/product"}],"about":[{"href":"https:\/\/freshgarbage.fi\/en\/wp-json\/wp\/v2\/types\/product"}],"wp:featuredmedia":[{"embeddable":true,"href":"https:\/\/freshgarbage.fi\/en\/wp-json\/wp\/v2\/media\/82623"}],"wp:attachment":[{"href":"https:\/\/freshgarbage.fi\/en\/wp-json\/wp\/v2\/media?parent=82711"}],"wp:term":[{"taxonomy":"product_brand","embeddable":true,"href":"https:\/\/freshgarbage.fi\/en\/wp-json\/wp\/v2\/product_brand?post=82711"},{"taxonomy":"product_cat","embeddable":true,"href":"https:\/\/freshgarbage.fi\/en\/wp-json\/wp\/v2\/product_cat?post=82711"},{"taxonomy":"product_tag","embeddable":true,"href":"https:\/\/freshgarbage.fi\/en\/wp-json\/wp\/v2\/product_tag?post=82711"}],"curies":[{"name":"wp","href":"https:\/\/api.w.org\/{rel}","templated":true}]}}