{"id":82705,"date":"2026-02-27T11:45:33","date_gmt":"2026-02-27T09:45:33","guid":{"rendered":"https:\/\/freshgarbage.fi\/tuote\/the-blues-project-live-at-the-cafe-au-go-go\/"},"modified":"2026-02-27T11:45:33","modified_gmt":"2026-02-27T09:45:33","slug":"the-blues-project-live-at-the-cafe-au-go-go","status":"publish","type":"product","link":"https:\/\/freshgarbage.fi\/en\/product\/the-blues-project-live-at-the-cafe-au-go-go\/","title":{"rendered":"The Blues Project \u2013 Live At The Cafe Au Go Go"},"content":{"rendered":"","protected":false},"excerpt":{"rendered":"<p>Alkuper\u00e4inen Japani-painos.<\/p>\n<p>Takakannessa l\u00e4pin\u00e4kyv\u00e4n teipin alla tulostettu viivakoodi. Lis\u00e4ksi pari muuta pient\u00e4 tarraa, yksi my\u00f6s etiketiss\u00e4. Liittynev\u00e4t jollain tavalla jonkun levykaupan myyntimerkint\u00f6ihin. OBI puuttuu, mutta kannessa kiinni oleva liitelehti tallessa.<\/p>\n","protected":false},"featured_media":82643,"template":"","meta":{"_acf_changed":false},"product_brand":[],"product_cat":[129],"product_tag":[],"class_list":{"0":"post-82705","1":"product","2":"type-product","3":"status-publish","4":"has-post-thumbnail","6":"product_cat-blues-blues-rock-en","7":"pa_formaatti-lp-en","8":"pa_kaytetty-uusi-2nd-hand","10":"first","11":"instock","12":"shipping-taxable","13":"purchasable","14":"product-type-simple"},"acf":[],"_links":{"self":[{"href":"https:\/\/freshgarbage.fi\/en\/wp-json\/wp\/v2\/product\/82705","targetHints":{"allow":["GET"]}}],"collection":[{"href":"https:\/\/freshgarbage.fi\/en\/wp-json\/wp\/v2\/product"}],"about":[{"href":"https:\/\/freshgarbage.fi\/en\/wp-json\/wp\/v2\/types\/product"}],"wp:featuredmedia":[{"embeddable":true,"href":"https:\/\/freshgarbage.fi\/en\/wp-json\/wp\/v2\/media\/82643"}],"wp:attachment":[{"href":"https:\/\/freshgarbage.fi\/en\/wp-json\/wp\/v2\/media?parent=82705"}],"wp:term":[{"taxonomy":"product_brand","embeddable":true,"href":"https:\/\/freshgarbage.fi\/en\/wp-json\/wp\/v2\/product_brand?post=82705"},{"taxonomy":"product_cat","embeddable":true,"href":"https:\/\/freshgarbage.fi\/en\/wp-json\/wp\/v2\/product_cat?post=82705"},{"taxonomy":"product_tag","embeddable":true,"href":"https:\/\/freshgarbage.fi\/en\/wp-json\/wp\/v2\/product_tag?post=82705"}],"curies":[{"name":"wp","href":"https:\/\/api.w.org\/{rel}","templated":true}]}}