{"id":82703,"date":"2026-02-27T11:45:38","date_gmt":"2026-02-27T09:45:38","guid":{"rendered":"https:\/\/freshgarbage.fi\/tuote\/cay-the-scaffolds-complete-recordings-1963-64\/"},"modified":"2026-02-27T11:45:38","modified_gmt":"2026-02-27T09:45:38","slug":"cay-the-scaffolds-complete-recordings-1963-64","status":"publish","type":"product","link":"https:\/\/freshgarbage.fi\/en\/product\/cay-the-scaffolds-complete-recordings-1963-64\/","title":{"rendered":"Cay &#038; The Scaffolds \u2013 Complete Recordings 1963-64"},"content":{"rendered":"","protected":false},"excerpt":{"rendered":"<p>Hieman kevytt\u00e4 hiusj\u00e4lke\u00e4, soi hienosti.<\/p>\n<p>A1 The Scaffolds \u2013 Tullalla Twist 1:47<br \/>\nA2 The Scaffolds \u2013 Dark Eyes Beat 2:00<br \/>\nA3 The Scaffolds \u2013 Katariinan Kamarissa 2:10<br \/>\nA4 The Scaffolds \u2013 Crazy Horse 1:47<br \/>\nA5 Cay &amp; The Scaffolds \u2013 Jingle Bells Twist 2:17<br \/>\nA6 Cay &amp; The Scaffolds \u2013 Girls 2:27<br \/>\nA7 Cay &amp; The Scaffolds \u2013 You Are My Everything 2:04<br \/>\nA8 Cay &amp; The Scaffolds \u2013 I&#8217;m Wondering 1:52<br \/>\nA9 Cay &amp; The Scaffolds \u2013 Far Away 2:51<br \/>\nB1 The Scaffolds \u2013 Ghost Train 1:55<br \/>\nB2 The Scaffolds \u2013 You 2:00<br \/>\nB3 Cay &amp; The Scaffolds \u2013 Stay With Me 2:07<br \/>\nB4 Cay &amp; The Scaffolds \u2013 Would You Like To Dance 1:05<br \/>\nB5 Cay &amp; The Scaffolds \u2013 How Can You Do This 1:45<br \/>\nB6 Cay &amp; The Scaffolds \u2013 The Look Of You 2:03<br \/>\nB7 The Scaffolds \u2013 I Wanna Be 2:39<br \/>\nB8 The Scaffolds \u2013 Sweet Sally 2:04<\/p>\n","protected":false},"featured_media":82639,"template":"","meta":{"_acf_changed":false},"product_brand":[],"product_cat":[120],"product_tag":[],"class_list":{"0":"post-82703","1":"product","2":"type-product","3":"status-publish","4":"has-post-thumbnail","6":"product_cat-finnish","7":"pa_formaatti-lp-en","8":"pa_kaytetty-uusi-2nd-hand","10":"first","11":"instock","12":"shipping-taxable","13":"purchasable","14":"product-type-simple"},"acf":[],"_links":{"self":[{"href":"https:\/\/freshgarbage.fi\/en\/wp-json\/wp\/v2\/product\/82703","targetHints":{"allow":["GET"]}}],"collection":[{"href":"https:\/\/freshgarbage.fi\/en\/wp-json\/wp\/v2\/product"}],"about":[{"href":"https:\/\/freshgarbage.fi\/en\/wp-json\/wp\/v2\/types\/product"}],"wp:featuredmedia":[{"embeddable":true,"href":"https:\/\/freshgarbage.fi\/en\/wp-json\/wp\/v2\/media\/82639"}],"wp:attachment":[{"href":"https:\/\/freshgarbage.fi\/en\/wp-json\/wp\/v2\/media?parent=82703"}],"wp:term":[{"taxonomy":"product_brand","embeddable":true,"href":"https:\/\/freshgarbage.fi\/en\/wp-json\/wp\/v2\/product_brand?post=82703"},{"taxonomy":"product_cat","embeddable":true,"href":"https:\/\/freshgarbage.fi\/en\/wp-json\/wp\/v2\/product_cat?post=82703"},{"taxonomy":"product_tag","embeddable":true,"href":"https:\/\/freshgarbage.fi\/en\/wp-json\/wp\/v2\/product_tag?post=82703"}],"curies":[{"name":"wp","href":"https:\/\/api.w.org\/{rel}","templated":true}]}}