{"id":82699,"date":"2026-02-27T12:00:07","date_gmt":"2026-02-27T10:00:07","guid":{"rendered":"https:\/\/freshgarbage.fi\/tuote\/kuumaa-valoa-varten\/"},"modified":"2026-02-27T12:00:07","modified_gmt":"2026-02-27T10:00:07","slug":"kuumaa-valoa-varten","status":"publish","type":"product","link":"https:\/\/freshgarbage.fi\/en\/product\/kuumaa-valoa-varten\/","title":{"rendered":"Kuumaa \u2013 Valoa varten"},"content":{"rendered":"","protected":false},"excerpt":{"rendered":"<p>Kotimaisen pop-musiikin \u00e4\u00e4riviivoja uudelleenm\u00e4\u00e4ritellyt, t\u00e4n\u00e4 vuonna 10-vuotista uraansa juhliva KUUMAA julkaisee odotetun uuden Valoa varten -albuminsa.<\/p>\n<p>&nbsp;<\/p>\n","protected":false},"featured_media":82688,"template":"","meta":{"_acf_changed":false},"product_brand":[],"product_cat":[120,107],"product_tag":[],"class_list":{"0":"post-82699","1":"product","2":"type-product","3":"status-publish","4":"has-post-thumbnail","6":"product_cat-finnish","7":"product_cat-new","8":"pa_formaatti-lp-en","9":"pa_kaytetty-uusi-new","11":"first","12":"instock","13":"taxable","14":"shipping-taxable","15":"purchasable","16":"product-type-simple"},"acf":[],"_links":{"self":[{"href":"https:\/\/freshgarbage.fi\/en\/wp-json\/wp\/v2\/product\/82699","targetHints":{"allow":["GET"]}}],"collection":[{"href":"https:\/\/freshgarbage.fi\/en\/wp-json\/wp\/v2\/product"}],"about":[{"href":"https:\/\/freshgarbage.fi\/en\/wp-json\/wp\/v2\/types\/product"}],"wp:featuredmedia":[{"embeddable":true,"href":"https:\/\/freshgarbage.fi\/en\/wp-json\/wp\/v2\/media\/82688"}],"wp:attachment":[{"href":"https:\/\/freshgarbage.fi\/en\/wp-json\/wp\/v2\/media?parent=82699"}],"wp:term":[{"taxonomy":"product_brand","embeddable":true,"href":"https:\/\/freshgarbage.fi\/en\/wp-json\/wp\/v2\/product_brand?post=82699"},{"taxonomy":"product_cat","embeddable":true,"href":"https:\/\/freshgarbage.fi\/en\/wp-json\/wp\/v2\/product_cat?post=82699"},{"taxonomy":"product_tag","embeddable":true,"href":"https:\/\/freshgarbage.fi\/en\/wp-json\/wp\/v2\/product_tag?post=82699"}],"curies":[{"name":"wp","href":"https:\/\/api.w.org\/{rel}","templated":true}]}}