{"id":82335,"date":"2025-02-05T11:45:16","date_gmt":"2025-02-05T09:45:16","guid":{"rendered":"https:\/\/freshgarbage.fi\/tuote\/hearthill-hearthill\/"},"modified":"2025-02-05T11:45:16","modified_gmt":"2025-02-05T09:45:16","slug":"hearthill-hearthill","status":"publish","type":"product","link":"https:\/\/freshgarbage.fi\/en\/product\/hearthill-hearthill\/","title":{"rendered":"Hearthill \u2013 Hearthill"},"content":{"rendered":"","protected":false},"excerpt":{"rendered":"<p>Alkuper\u00e4inen ja ainoa vinyylipainos.<\/p>\n<p>Levyss\u00e4 jonkun verran sis\u00e4pussihankaumaa\/hiusj\u00e4lke\u00e4. Kevytt\u00e4 taustarahinaa havaittavissa hiljaisissa kohdissa, mutta muuten soi hienosti ilman suurempia ongelmia.<\/p>\n","protected":false},"featured_media":81476,"template":"","meta":{"_acf_changed":false},"product_brand":[],"product_cat":[120],"product_tag":[],"class_list":{"0":"post-82335","1":"product","2":"type-product","3":"status-publish","4":"has-post-thumbnail","6":"product_cat-finnish","7":"pa_formaatti-lp-en","8":"pa_kaytetty-uusi-2nd-hand","10":"first","11":"instock","12":"shipping-taxable","13":"purchasable","14":"product-type-simple"},"acf":[],"_links":{"self":[{"href":"https:\/\/freshgarbage.fi\/en\/wp-json\/wp\/v2\/product\/82335","targetHints":{"allow":["GET"]}}],"collection":[{"href":"https:\/\/freshgarbage.fi\/en\/wp-json\/wp\/v2\/product"}],"about":[{"href":"https:\/\/freshgarbage.fi\/en\/wp-json\/wp\/v2\/types\/product"}],"wp:featuredmedia":[{"embeddable":true,"href":"https:\/\/freshgarbage.fi\/en\/wp-json\/wp\/v2\/media\/81476"}],"wp:attachment":[{"href":"https:\/\/freshgarbage.fi\/en\/wp-json\/wp\/v2\/media?parent=82335"}],"wp:term":[{"taxonomy":"product_brand","embeddable":true,"href":"https:\/\/freshgarbage.fi\/en\/wp-json\/wp\/v2\/product_brand?post=82335"},{"taxonomy":"product_cat","embeddable":true,"href":"https:\/\/freshgarbage.fi\/en\/wp-json\/wp\/v2\/product_cat?post=82335"},{"taxonomy":"product_tag","embeddable":true,"href":"https:\/\/freshgarbage.fi\/en\/wp-json\/wp\/v2\/product_tag?post=82335"}],"curies":[{"name":"wp","href":"https:\/\/api.w.org\/{rel}","templated":true}]}}