{"id":82330,"date":"2026-02-10T13:00:22","date_gmt":"2026-02-10T11:00:22","guid":{"rendered":"https:\/\/freshgarbage.fi\/tuote\/lemonator-grandpop-koelevy\/"},"modified":"2026-02-10T13:00:22","modified_gmt":"2026-02-10T11:00:22","slug":"lemonator-grandpop-koelevy","status":"publish","type":"product","link":"https:\/\/freshgarbage.fi\/en\/product\/lemonator-grandpop-koelevy\/","title":{"rendered":"Lemonator \u2013 Grandpop (koelevy)"},"content":{"rendered":"","protected":false},"excerpt":{"rendered":"<p>Soittamaton koelevy. Kyseess\u00e4 levyn ensimm\u00e4inen vinyylipainos.<\/p>\n<p>Mukaan tulee painotalon geneerinen valkoinen kansi yksil\u00f6iv\u00e4ll\u00e4 tarralla.<\/p>\n","protected":false},"featured_media":81683,"template":"","meta":{"_acf_changed":false},"product_brand":[],"product_cat":[130,120],"product_tag":[],"class_list":{"0":"post-82330","1":"product","2":"type-product","3":"status-publish","4":"has-post-thumbnail","6":"product_cat-alternative-indie-rock","7":"product_cat-finnish","8":"pa_formaatti-lp-en","9":"pa_kaytetty-uusi-2nd-hand","11":"first","12":"instock","13":"shipping-taxable","14":"purchasable","15":"product-type-simple"},"acf":[],"_links":{"self":[{"href":"https:\/\/freshgarbage.fi\/en\/wp-json\/wp\/v2\/product\/82330","targetHints":{"allow":["GET"]}}],"collection":[{"href":"https:\/\/freshgarbage.fi\/en\/wp-json\/wp\/v2\/product"}],"about":[{"href":"https:\/\/freshgarbage.fi\/en\/wp-json\/wp\/v2\/types\/product"}],"wp:featuredmedia":[{"embeddable":true,"href":"https:\/\/freshgarbage.fi\/en\/wp-json\/wp\/v2\/media\/81683"}],"wp:attachment":[{"href":"https:\/\/freshgarbage.fi\/en\/wp-json\/wp\/v2\/media?parent=82330"}],"wp:term":[{"taxonomy":"product_brand","embeddable":true,"href":"https:\/\/freshgarbage.fi\/en\/wp-json\/wp\/v2\/product_brand?post=82330"},{"taxonomy":"product_cat","embeddable":true,"href":"https:\/\/freshgarbage.fi\/en\/wp-json\/wp\/v2\/product_cat?post=82330"},{"taxonomy":"product_tag","embeddable":true,"href":"https:\/\/freshgarbage.fi\/en\/wp-json\/wp\/v2\/product_tag?post=82330"}],"curies":[{"name":"wp","href":"https:\/\/api.w.org\/{rel}","templated":true}]}}