{"id":82312,"date":"2026-02-13T15:00:54","date_gmt":"2026-02-13T13:00:54","guid":{"rendered":"https:\/\/freshgarbage.fi\/tuote\/phil-collins-one-more-night-extended-mix-maxi\/"},"modified":"2026-02-13T15:00:54","modified_gmt":"2026-02-13T13:00:54","slug":"phil-collins-one-more-night-extended-mix-maxi","status":"publish","type":"product","link":"https:\/\/freshgarbage.fi\/en\/product\/phil-collins-one-more-night-extended-mix-maxi\/","title":{"rendered":"Phil Collins \u2013 One More Night (Extended Mix) MAXI"},"content":{"rendered":"","protected":false},"excerpt":{"rendered":"<p>Alkuper\u00e4inen Eurooppa-painos.<\/p>\n<p>Kannessa vanhan hintalapun j\u00e4\u00e4m\u00e4. Kevytt\u00e4 j\u00e4lke\u00e4\/hankaumaa, soi hienosti.<\/p>\n<p>A One More Night (Extended Mix) 6:20<br \/>\nB I Like The Way 4:52<\/p>\n","protected":false},"featured_media":81857,"template":"","meta":{"_acf_changed":false},"product_brand":[],"product_cat":[116],"product_tag":[],"class_list":{"0":"post-82312","1":"product","2":"type-product","3":"status-publish","4":"has-post-thumbnail","6":"product_cat-rock-pop-en","7":"pa_formaatti-12-en","8":"pa_kaytetty-uusi-2nd-hand","10":"first","11":"instock","12":"shipping-taxable","13":"purchasable","14":"product-type-simple"},"acf":[],"_links":{"self":[{"href":"https:\/\/freshgarbage.fi\/en\/wp-json\/wp\/v2\/product\/82312","targetHints":{"allow":["GET"]}}],"collection":[{"href":"https:\/\/freshgarbage.fi\/en\/wp-json\/wp\/v2\/product"}],"about":[{"href":"https:\/\/freshgarbage.fi\/en\/wp-json\/wp\/v2\/types\/product"}],"wp:featuredmedia":[{"embeddable":true,"href":"https:\/\/freshgarbage.fi\/en\/wp-json\/wp\/v2\/media\/81857"}],"wp:attachment":[{"href":"https:\/\/freshgarbage.fi\/en\/wp-json\/wp\/v2\/media?parent=82312"}],"wp:term":[{"taxonomy":"product_brand","embeddable":true,"href":"https:\/\/freshgarbage.fi\/en\/wp-json\/wp\/v2\/product_brand?post=82312"},{"taxonomy":"product_cat","embeddable":true,"href":"https:\/\/freshgarbage.fi\/en\/wp-json\/wp\/v2\/product_cat?post=82312"},{"taxonomy":"product_tag","embeddable":true,"href":"https:\/\/freshgarbage.fi\/en\/wp-json\/wp\/v2\/product_tag?post=82312"}],"curies":[{"name":"wp","href":"https:\/\/api.w.org\/{rel}","templated":true}]}}