{"id":82302,"date":"2026-02-17T13:00:24","date_gmt":"2026-02-17T11:00:24","guid":{"rendered":"https:\/\/freshgarbage.fi\/tuote\/roberto-mazza-scoprire-le-orme-2\/"},"modified":"2026-02-17T13:00:24","modified_gmt":"2026-02-17T11:00:24","slug":"roberto-mazza-scoprire-le-orme-2","status":"publish","type":"product","link":"https:\/\/freshgarbage.fi\/en\/product\/roberto-mazza-scoprire-le-orme-2\/","title":{"rendered":"Roberto Mazza \u2013 Scoprire Le Orme"},"content":{"rendered":"","protected":false},"excerpt":{"rendered":"<p>Ensimm\u00e4inen vinyylipainos. Rajoitettu 100 kpl painos l\u00e4pin\u00e4kyv\u00e4ll\u00e4 levyll\u00e4.<\/p>\n","protected":false},"featured_media":81960,"template":"","meta":{"_acf_changed":false},"product_brand":[],"product_cat":[126],"product_tag":[],"class_list":{"0":"post-82302","1":"product","2":"type-product","3":"status-publish","4":"has-post-thumbnail","6":"product_cat-experimental-ambient-noise-contemporary-classical","7":"pa_formaatti-lp-en","8":"pa_kaytetty-uusi-2nd-hand","10":"first","11":"instock","12":"shipping-taxable","13":"purchasable","14":"product-type-simple"},"acf":[],"_links":{"self":[{"href":"https:\/\/freshgarbage.fi\/en\/wp-json\/wp\/v2\/product\/82302","targetHints":{"allow":["GET"]}}],"collection":[{"href":"https:\/\/freshgarbage.fi\/en\/wp-json\/wp\/v2\/product"}],"about":[{"href":"https:\/\/freshgarbage.fi\/en\/wp-json\/wp\/v2\/types\/product"}],"wp:featuredmedia":[{"embeddable":true,"href":"https:\/\/freshgarbage.fi\/en\/wp-json\/wp\/v2\/media\/81960"}],"wp:attachment":[{"href":"https:\/\/freshgarbage.fi\/en\/wp-json\/wp\/v2\/media?parent=82302"}],"wp:term":[{"taxonomy":"product_brand","embeddable":true,"href":"https:\/\/freshgarbage.fi\/en\/wp-json\/wp\/v2\/product_brand?post=82302"},{"taxonomy":"product_cat","embeddable":true,"href":"https:\/\/freshgarbage.fi\/en\/wp-json\/wp\/v2\/product_cat?post=82302"},{"taxonomy":"product_tag","embeddable":true,"href":"https:\/\/freshgarbage.fi\/en\/wp-json\/wp\/v2\/product_tag?post=82302"}],"curies":[{"name":"wp","href":"https:\/\/api.w.org\/{rel}","templated":true}]}}