{"id":82288,"date":"2026-02-20T11:45:06","date_gmt":"2026-02-20T09:45:06","guid":{"rendered":"https:\/\/freshgarbage.fi\/tuote\/dave-lindholm-huoneet-6-14\/"},"modified":"2026-02-20T11:45:06","modified_gmt":"2026-02-20T09:45:06","slug":"dave-lindholm-huoneet-6-14","status":"publish","type":"product","link":"https:\/\/freshgarbage.fi\/en\/product\/dave-lindholm-huoneet-6-14\/","title":{"rendered":"Dave Lindholm \u2013 Huoneet 6 &#038; 14"},"content":{"rendered":"","protected":false},"excerpt":{"rendered":"<p>1. painos. B-puolella n\u00e4kyv\u00e4mpi pitk\u00e4 j\u00e4lki, joka ei kuulu toistossa.<\/p>\n","protected":false},"featured_media":82107,"template":"","meta":{"_acf_changed":false},"product_brand":[],"product_cat":[120],"product_tag":[],"class_list":{"0":"post-82288","1":"product","2":"type-product","3":"status-publish","4":"has-post-thumbnail","6":"product_cat-finnish","7":"pa_formaatti-lp-en","8":"pa_kaytetty-uusi-2nd-hand","10":"first","11":"instock","12":"shipping-taxable","13":"purchasable","14":"product-type-simple"},"acf":[],"_links":{"self":[{"href":"https:\/\/freshgarbage.fi\/en\/wp-json\/wp\/v2\/product\/82288","targetHints":{"allow":["GET"]}}],"collection":[{"href":"https:\/\/freshgarbage.fi\/en\/wp-json\/wp\/v2\/product"}],"about":[{"href":"https:\/\/freshgarbage.fi\/en\/wp-json\/wp\/v2\/types\/product"}],"wp:featuredmedia":[{"embeddable":true,"href":"https:\/\/freshgarbage.fi\/en\/wp-json\/wp\/v2\/media\/82107"}],"wp:attachment":[{"href":"https:\/\/freshgarbage.fi\/en\/wp-json\/wp\/v2\/media?parent=82288"}],"wp:term":[{"taxonomy":"product_brand","embeddable":true,"href":"https:\/\/freshgarbage.fi\/en\/wp-json\/wp\/v2\/product_brand?post=82288"},{"taxonomy":"product_cat","embeddable":true,"href":"https:\/\/freshgarbage.fi\/en\/wp-json\/wp\/v2\/product_cat?post=82288"},{"taxonomy":"product_tag","embeddable":true,"href":"https:\/\/freshgarbage.fi\/en\/wp-json\/wp\/v2\/product_tag?post=82288"}],"curies":[{"name":"wp","href":"https:\/\/api.w.org\/{rel}","templated":true}]}}