{"id":82279,"date":"2026-02-20T11:45:34","date_gmt":"2026-02-20T09:45:34","guid":{"rendered":"https:\/\/freshgarbage.fi\/tuote\/quincy-jones-mellow-madness\/"},"modified":"2026-03-03T17:00:26","modified_gmt":"2026-03-03T15:00:26","slug":"quincy-jones-mellow-madness","status":"publish","type":"product","link":"https:\/\/freshgarbage.fi\/en\/product\/quincy-jones-mellow-madness\/","title":{"rendered":"Quincy Jones \u2013 Mellow Madness"},"content":{"rendered":"","protected":false},"excerpt":{"rendered":"<p>Alkuper\u00e4inen USA-painos.<\/p>\n<p>Yl\u00e4saumassa ja selk\u00e4myksess\u00e4 muutaman sentin seam splitit, pient\u00e4 ringwearia ja reunakulumaa.<\/p>\n","protected":false},"featured_media":82069,"template":"","meta":{"_acf_changed":false},"product_brand":[],"product_cat":[122,132],"product_tag":[],"class_list":{"0":"post-82279","1":"product","2":"type-product","3":"status-publish","4":"has-post-thumbnail","6":"product_cat-jazz-fusion-en","7":"product_cat-soul-funk-disco-rnb-en","8":"pa_formaatti-lp-en","9":"pa_kaytetty-uusi-2nd-hand","11":"first","12":"outofstock","13":"shipping-taxable","14":"purchasable","15":"product-type-simple"},"acf":[],"_links":{"self":[{"href":"https:\/\/freshgarbage.fi\/en\/wp-json\/wp\/v2\/product\/82279","targetHints":{"allow":["GET"]}}],"collection":[{"href":"https:\/\/freshgarbage.fi\/en\/wp-json\/wp\/v2\/product"}],"about":[{"href":"https:\/\/freshgarbage.fi\/en\/wp-json\/wp\/v2\/types\/product"}],"wp:featuredmedia":[{"embeddable":true,"href":"https:\/\/freshgarbage.fi\/en\/wp-json\/wp\/v2\/media\/82069"}],"wp:attachment":[{"href":"https:\/\/freshgarbage.fi\/en\/wp-json\/wp\/v2\/media?parent=82279"}],"wp:term":[{"taxonomy":"product_brand","embeddable":true,"href":"https:\/\/freshgarbage.fi\/en\/wp-json\/wp\/v2\/product_brand?post=82279"},{"taxonomy":"product_cat","embeddable":true,"href":"https:\/\/freshgarbage.fi\/en\/wp-json\/wp\/v2\/product_cat?post=82279"},{"taxonomy":"product_tag","embeddable":true,"href":"https:\/\/freshgarbage.fi\/en\/wp-json\/wp\/v2\/product_tag?post=82279"}],"curies":[{"name":"wp","href":"https:\/\/api.w.org\/{rel}","templated":true}]}}