{"id":82259,"date":"2026-04-09T16:00:08","date_gmt":"2026-04-09T13:00:08","guid":{"rendered":"https:\/\/freshgarbage.fi\/tuote\/risto-onneksi-kaikki-oli-vain-unta\/"},"modified":"2026-04-09T16:18:55","modified_gmt":"2026-04-09T13:18:55","slug":"risto-onneksi-kaikki-oli-vain-unta","status":"publish","type":"product","link":"https:\/\/freshgarbage.fi\/en\/product\/risto-onneksi-kaikki-oli-vain-unta\/","title":{"rendered":"Risto \u2013 Onneksi kaikki oli vain unta"},"content":{"rendered":"","protected":false},"excerpt":{"rendered":"<p>Risto-yhtyeen viides albumi &#8220;Onneksi kaikki oli vain unta&#8221; ilmestyy 3.4. Riston edellinen albumi &#8220;II&#8221; ilmestyi 13 vuotta sitten, joten joku voisi olla sit\u00e4 mielt\u00e4, ett\u00e4 oli jo aikakin. Risto on parhaita rock-yhtyeit\u00e4 t\u00e4ss\u00e4 maassa. Ikin\u00e4. Risto Ylih\u00e4rsil\u00e4n, Ninni Luhtasaaren, Ville Leinosen ja Tuomas Erikssonin muodostama kvartetti heitt\u00e4ytyy p\u00e4\u00e4t\u00e4 pahkaa rockin arveluttavaan ja arvaamattomaan universumiin.<\/p>\n<p>1. Harmaa kivinen kuu<br \/>\n2. Hengit\u00e4<br \/>\n3. Jaahuu taivas aukeaa<br \/>\n4. Harmaa lintu et\u00e4\u00e4ntyy<br \/>\n5. Ehj\u00e4 ja onnellinen<br \/>\n6. Liikuntaharrastus<\/p>\n<p>7. Vibraatiot kohdillaan \/ PTSD ei lopu milloinkaan<br \/>\n8. Tervetuloa pullonkaulaan<br \/>\n9. Pakko polttaa loppuun<br \/>\n10. Ehk\u00e4 el\u00e4m\u00e4 voittaa<br \/>\n11. Uusi aika<\/p>\n","protected":false},"featured_media":82155,"template":"","meta":{"_acf_changed":false},"product_brand":[],"product_cat":[120,107],"product_tag":[],"class_list":{"0":"post-82259","1":"product","2":"type-product","3":"status-publish","4":"has-post-thumbnail","6":"product_cat-finnish","7":"product_cat-new","8":"pa_formaatti-lp-en","9":"pa_kaytetty-uusi-new","11":"first","12":"instock","13":"taxable","14":"shipping-taxable","15":"purchasable","16":"product-type-simple"},"acf":[],"_links":{"self":[{"href":"https:\/\/freshgarbage.fi\/en\/wp-json\/wp\/v2\/product\/82259","targetHints":{"allow":["GET"]}}],"collection":[{"href":"https:\/\/freshgarbage.fi\/en\/wp-json\/wp\/v2\/product"}],"about":[{"href":"https:\/\/freshgarbage.fi\/en\/wp-json\/wp\/v2\/types\/product"}],"wp:featuredmedia":[{"embeddable":true,"href":"https:\/\/freshgarbage.fi\/en\/wp-json\/wp\/v2\/media\/82155"}],"wp:attachment":[{"href":"https:\/\/freshgarbage.fi\/en\/wp-json\/wp\/v2\/media?parent=82259"}],"wp:term":[{"taxonomy":"product_brand","embeddable":true,"href":"https:\/\/freshgarbage.fi\/en\/wp-json\/wp\/v2\/product_brand?post=82259"},{"taxonomy":"product_cat","embeddable":true,"href":"https:\/\/freshgarbage.fi\/en\/wp-json\/wp\/v2\/product_cat?post=82259"},{"taxonomy":"product_tag","embeddable":true,"href":"https:\/\/freshgarbage.fi\/en\/wp-json\/wp\/v2\/product_tag?post=82259"}],"curies":[{"name":"wp","href":"https:\/\/api.w.org\/{rel}","templated":true}]}}