{"id":81615,"date":"2026-02-05T11:45:08","date_gmt":"2026-02-05T09:45:08","guid":{"rendered":"https:\/\/freshgarbage.fi\/tuote\/dub-specialist-17-dub-shots-from-studio-one\/"},"modified":"2026-02-05T11:45:08","modified_gmt":"2026-02-05T09:45:08","slug":"dub-specialist-17-dub-shots-from-studio-one","status":"publish","type":"product","link":"https:\/\/freshgarbage.fi\/en\/product\/dub-specialist-17-dub-shots-from-studio-one\/","title":{"rendered":"Dub Specialist \u2013 17 Dub Shots From Studio One"},"content":{"rendered":"","protected":false},"excerpt":{"rendered":"<p>Toisella puolella pari pidemp\u00e4\u00e4 n\u00e4kyv\u00e4\u00e4 j\u00e4lke\u00e4, jotka eiv\u00e4t kuulu toistossa.<\/p>\n<p>A1 Starring Dub 3:13<br \/>\nA2 Dubbing Lecturer 2:11<br \/>\nA3 Mr. Joe 2:42<br \/>\nA4 Together Dub 3:17<br \/>\nA5 Green Light 3:03<br \/>\nA6 Banana Walk 3:43<br \/>\nA7 Lost In Dub 2:37<br \/>\nA8 Old Man Dub 2:48<br \/>\nA9 Dub It Easy 3:00<br \/>\nB1 Queen Of The Dub 3:27<br \/>\nB2 Runnings 3:32<br \/>\nB3 Johnny Man 3:26<br \/>\nB4 Can&#8217;t Find Dub 2:31<br \/>\nB5 Beam Sound 3:20<br \/>\nB6 Love Of A Dub 3:17<br \/>\nB7 Freedom 3:06<br \/>\nB8 Depth Charge 2:48<\/p>\n","protected":false},"featured_media":81472,"template":"","meta":{"_acf_changed":false},"product_brand":[],"product_cat":[115],"product_tag":[],"class_list":{"0":"post-81615","1":"product","2":"type-product","3":"status-publish","4":"has-post-thumbnail","6":"product_cat-reggae-dub-dancehall-ska-en","7":"pa_formaatti-lp-en","8":"pa_kaytetty-uusi-2nd-hand","10":"first","11":"instock","12":"shipping-taxable","13":"purchasable","14":"product-type-simple"},"acf":[],"_links":{"self":[{"href":"https:\/\/freshgarbage.fi\/en\/wp-json\/wp\/v2\/product\/81615","targetHints":{"allow":["GET"]}}],"collection":[{"href":"https:\/\/freshgarbage.fi\/en\/wp-json\/wp\/v2\/product"}],"about":[{"href":"https:\/\/freshgarbage.fi\/en\/wp-json\/wp\/v2\/types\/product"}],"wp:featuredmedia":[{"embeddable":true,"href":"https:\/\/freshgarbage.fi\/en\/wp-json\/wp\/v2\/media\/81472"}],"wp:attachment":[{"href":"https:\/\/freshgarbage.fi\/en\/wp-json\/wp\/v2\/media?parent=81615"}],"wp:term":[{"taxonomy":"product_brand","embeddable":true,"href":"https:\/\/freshgarbage.fi\/en\/wp-json\/wp\/v2\/product_brand?post=81615"},{"taxonomy":"product_cat","embeddable":true,"href":"https:\/\/freshgarbage.fi\/en\/wp-json\/wp\/v2\/product_cat?post=81615"},{"taxonomy":"product_tag","embeddable":true,"href":"https:\/\/freshgarbage.fi\/en\/wp-json\/wp\/v2\/product_tag?post=81615"}],"curies":[{"name":"wp","href":"https:\/\/api.w.org\/{rel}","templated":true}]}}