{"id":81605,"date":"2026-02-05T11:45:24","date_gmt":"2026-02-05T09:45:24","guid":{"rendered":"https:\/\/freshgarbage.fi\/tuote\/tandem-our-system\/"},"modified":"2026-02-05T11:45:24","modified_gmt":"2026-02-05T09:45:24","slug":"tandem-our-system","status":"publish","type":"product","link":"https:\/\/freshgarbage.fi\/en\/product\/tandem-our-system\/","title":{"rendered":"Tandem \u2013 Our System"},"content":{"rendered":"","protected":false},"excerpt":{"rendered":"<p>Ji\u0159\u00ed Stiv\u00edn ja Rudolf Da\u0161ek. Ainoa painos.<\/p>\n<p>Hieman j\u00e4lke\u00e4, parissa paikkaa kevytt\u00e4 napsua.<\/p>\n","protected":false},"featured_media":81493,"template":"","meta":{"_acf_changed":false},"product_brand":[],"product_cat":[122],"product_tag":[],"class_list":{"0":"post-81605","1":"product","2":"type-product","3":"status-publish","4":"has-post-thumbnail","6":"product_cat-jazz-fusion-en","7":"pa_formaatti-lp-en","8":"pa_kaytetty-uusi-2nd-hand","10":"first","11":"instock","12":"shipping-taxable","13":"purchasable","14":"product-type-simple"},"acf":[],"_links":{"self":[{"href":"https:\/\/freshgarbage.fi\/en\/wp-json\/wp\/v2\/product\/81605","targetHints":{"allow":["GET"]}}],"collection":[{"href":"https:\/\/freshgarbage.fi\/en\/wp-json\/wp\/v2\/product"}],"about":[{"href":"https:\/\/freshgarbage.fi\/en\/wp-json\/wp\/v2\/types\/product"}],"wp:featuredmedia":[{"embeddable":true,"href":"https:\/\/freshgarbage.fi\/en\/wp-json\/wp\/v2\/media\/81493"}],"wp:attachment":[{"href":"https:\/\/freshgarbage.fi\/en\/wp-json\/wp\/v2\/media?parent=81605"}],"wp:term":[{"taxonomy":"product_brand","embeddable":true,"href":"https:\/\/freshgarbage.fi\/en\/wp-json\/wp\/v2\/product_brand?post=81605"},{"taxonomy":"product_cat","embeddable":true,"href":"https:\/\/freshgarbage.fi\/en\/wp-json\/wp\/v2\/product_cat?post=81605"},{"taxonomy":"product_tag","embeddable":true,"href":"https:\/\/freshgarbage.fi\/en\/wp-json\/wp\/v2\/product_tag?post=81605"}],"curies":[{"name":"wp","href":"https:\/\/api.w.org\/{rel}","templated":true}]}}