{"id":81598,"date":"2026-02-05T11:45:39","date_gmt":"2026-02-05T09:45:39","guid":{"rendered":"https:\/\/freshgarbage.fi\/tuote\/link-wray-beans-and-fatback\/"},"modified":"2026-02-05T11:45:39","modified_gmt":"2026-02-05T09:45:39","slug":"link-wray-beans-and-fatback","status":"publish","type":"product","link":"https:\/\/freshgarbage.fi\/en\/product\/link-wray-beans-and-fatback\/","title":{"rendered":"Link Wray \u2013 Beans And Fatback"},"content":{"rendered":"","protected":false},"excerpt":{"rendered":"<p>70-luvun UK-painos vihre\u00e4taustaisella &#8220;two-virgins&#8221; etiketill\u00e4.<\/p>\n<p>Levyss\u00e4 pari kevytt\u00e4 pintaj\u00e4lke\u00e4, mutta soi ongelmitta. Kannen suuaukossa pient\u00e4 rispaantumista\/repe\u00e4m\u00e4\u00e4. Lis\u00e4ksi taitetta ja reunakulumaa. Ei julistetta.<\/p>\n","protected":false},"featured_media":81475,"template":"","meta":{"_acf_changed":false},"product_brand":[],"product_cat":[129,116],"product_tag":[],"class_list":{"0":"post-81598","1":"product","2":"type-product","3":"status-publish","4":"has-post-thumbnail","6":"product_cat-blues-blues-rock-en","7":"product_cat-rock-pop-en","8":"pa_formaatti-lp-en","9":"pa_kaytetty-uusi-2nd-hand","11":"first","12":"instock","13":"shipping-taxable","14":"purchasable","15":"product-type-simple"},"acf":[],"_links":{"self":[{"href":"https:\/\/freshgarbage.fi\/en\/wp-json\/wp\/v2\/product\/81598","targetHints":{"allow":["GET"]}}],"collection":[{"href":"https:\/\/freshgarbage.fi\/en\/wp-json\/wp\/v2\/product"}],"about":[{"href":"https:\/\/freshgarbage.fi\/en\/wp-json\/wp\/v2\/types\/product"}],"wp:featuredmedia":[{"embeddable":true,"href":"https:\/\/freshgarbage.fi\/en\/wp-json\/wp\/v2\/media\/81475"}],"wp:attachment":[{"href":"https:\/\/freshgarbage.fi\/en\/wp-json\/wp\/v2\/media?parent=81598"}],"wp:term":[{"taxonomy":"product_brand","embeddable":true,"href":"https:\/\/freshgarbage.fi\/en\/wp-json\/wp\/v2\/product_brand?post=81598"},{"taxonomy":"product_cat","embeddable":true,"href":"https:\/\/freshgarbage.fi\/en\/wp-json\/wp\/v2\/product_cat?post=81598"},{"taxonomy":"product_tag","embeddable":true,"href":"https:\/\/freshgarbage.fi\/en\/wp-json\/wp\/v2\/product_tag?post=81598"}],"curies":[{"name":"wp","href":"https:\/\/api.w.org\/{rel}","templated":true}]}}