{"id":81416,"date":"2026-02-24T11:45:25","date_gmt":"2026-02-24T09:45:25","guid":{"rendered":"https:\/\/freshgarbage.fi\/?post_type=product&#038;p=81416"},"modified":"2026-02-24T11:49:08","modified_gmt":"2026-02-24T09:49:08","slug":"post-malone-hollywoods-bleeding","status":"publish","type":"product","link":"https:\/\/freshgarbage.fi\/en\/product\/post-malone-hollywoods-bleeding\/","title":{"rendered":"Post Malone \u2013 Hollywood&#8217;s Bleeding"},"content":{"rendered":"","protected":false},"excerpt":{"rendered":"<p>Avaamaton alkuper\u00e4inen Eurooppa-painos kohokuvioidulla kannella. V\u00e4rist\u00e4 ei varmuutta.<\/p>\n","protected":false},"featured_media":82441,"template":"","meta":{"_acf_changed":false},"product_brand":[],"product_cat":[130,123],"product_tag":[],"class_list":{"0":"post-81416","1":"product","2":"type-product","3":"status-publish","4":"has-post-thumbnail","6":"product_cat-alternative-indie-rock","7":"product_cat-hip-hop-rap-en","8":"pa_formaatti-lp-en","9":"pa_kaytetty-uusi-2nd-hand","11":"first","12":"instock","13":"shipping-taxable","14":"purchasable","15":"product-type-simple"},"acf":[],"_links":{"self":[{"href":"https:\/\/freshgarbage.fi\/en\/wp-json\/wp\/v2\/product\/81416","targetHints":{"allow":["GET"]}}],"collection":[{"href":"https:\/\/freshgarbage.fi\/en\/wp-json\/wp\/v2\/product"}],"about":[{"href":"https:\/\/freshgarbage.fi\/en\/wp-json\/wp\/v2\/types\/product"}],"wp:featuredmedia":[{"embeddable":true,"href":"https:\/\/freshgarbage.fi\/en\/wp-json\/wp\/v2\/media\/82441"}],"wp:attachment":[{"href":"https:\/\/freshgarbage.fi\/en\/wp-json\/wp\/v2\/media?parent=81416"}],"wp:term":[{"taxonomy":"product_brand","embeddable":true,"href":"https:\/\/freshgarbage.fi\/en\/wp-json\/wp\/v2\/product_brand?post=81416"},{"taxonomy":"product_cat","embeddable":true,"href":"https:\/\/freshgarbage.fi\/en\/wp-json\/wp\/v2\/product_cat?post=81416"},{"taxonomy":"product_tag","embeddable":true,"href":"https:\/\/freshgarbage.fi\/en\/wp-json\/wp\/v2\/product_tag?post=81416"}],"curies":[{"name":"wp","href":"https:\/\/api.w.org\/{rel}","templated":true}]}}