{"id":81405,"date":"2026-02-03T11:45:18","date_gmt":"2026-02-03T09:45:18","guid":{"rendered":"https:\/\/freshgarbage.fi\/tuote\/daryl-hall-three-hearts-in-the-happy-ending-machine-2\/"},"modified":"2026-02-03T11:45:18","modified_gmt":"2026-02-03T09:45:18","slug":"daryl-hall-three-hearts-in-the-happy-ending-machine-2","status":"publish","type":"product","link":"https:\/\/freshgarbage.fi\/en\/product\/daryl-hall-three-hearts-in-the-happy-ending-machine-2\/","title":{"rendered":"Daryl Hall \u2013 Three Hearts In The Happy Ending Machine"},"content":{"rendered":"","protected":false},"excerpt":{"rendered":"<p>Alkuper\u00e4inen Eurooppa-painos.<\/p>\n<p>Levyss\u00e4 kevytt\u00e4 sis\u00e4pussihankaumaa, mutta soi hienosti EX-. Mukana bonuksena levy-yhti\u00f6n promo-lehti\u00f6.<\/p>\n","protected":false},"featured_media":81329,"template":"","meta":{"_acf_changed":false},"product_brand":[],"product_cat":[116],"product_tag":[],"class_list":{"0":"post-81405","1":"product","2":"type-product","3":"status-publish","4":"has-post-thumbnail","6":"product_cat-rock-pop-en","7":"pa_formaatti-lp-en","8":"pa_kaytetty-uusi-2nd-hand","10":"first","11":"instock","12":"shipping-taxable","13":"purchasable","14":"product-type-simple"},"acf":[],"_links":{"self":[{"href":"https:\/\/freshgarbage.fi\/en\/wp-json\/wp\/v2\/product\/81405","targetHints":{"allow":["GET"]}}],"collection":[{"href":"https:\/\/freshgarbage.fi\/en\/wp-json\/wp\/v2\/product"}],"about":[{"href":"https:\/\/freshgarbage.fi\/en\/wp-json\/wp\/v2\/types\/product"}],"wp:featuredmedia":[{"embeddable":true,"href":"https:\/\/freshgarbage.fi\/en\/wp-json\/wp\/v2\/media\/81329"}],"wp:attachment":[{"href":"https:\/\/freshgarbage.fi\/en\/wp-json\/wp\/v2\/media?parent=81405"}],"wp:term":[{"taxonomy":"product_brand","embeddable":true,"href":"https:\/\/freshgarbage.fi\/en\/wp-json\/wp\/v2\/product_brand?post=81405"},{"taxonomy":"product_cat","embeddable":true,"href":"https:\/\/freshgarbage.fi\/en\/wp-json\/wp\/v2\/product_cat?post=81405"},{"taxonomy":"product_tag","embeddable":true,"href":"https:\/\/freshgarbage.fi\/en\/wp-json\/wp\/v2\/product_tag?post=81405"}],"curies":[{"name":"wp","href":"https:\/\/api.w.org\/{rel}","templated":true}]}}