{"id":81402,"date":"2026-02-03T11:45:23","date_gmt":"2026-02-03T09:45:23","guid":{"rendered":"https:\/\/freshgarbage.fi\/tuote\/memphis-black-soul-club\/"},"modified":"2026-02-03T11:45:23","modified_gmt":"2026-02-03T09:45:23","slug":"memphis-black-soul-club","status":"publish","type":"product","link":"https:\/\/freshgarbage.fi\/en\/product\/memphis-black-soul-club\/","title":{"rendered":"Memphis Black \u2013 Soul Club"},"content":{"rendered":"","protected":false},"excerpt":{"rendered":"<p>Alkuper\u00e4inen Saksa-painos.<\/p>\n<p>Levyss\u00e4 pari heiver\u00f6ist\u00e4 pintaj\u00e4lke\u00e4, soi ongelmitta. Takakannessa kyn\u00e4merkint\u00f6j\u00e4 sek\u00e4 vanhan tarran j\u00e4\u00e4m\u00e4t.<\/p>\n","protected":false},"featured_media":81265,"template":"","meta":{"_acf_changed":false},"product_brand":[],"product_cat":[132],"product_tag":[],"class_list":{"0":"post-81402","1":"product","2":"type-product","3":"status-publish","4":"has-post-thumbnail","6":"product_cat-soul-funk-disco-rnb-en","7":"pa_formaatti-lp-en","8":"pa_kaytetty-uusi-2nd-hand","10":"first","11":"instock","12":"shipping-taxable","13":"purchasable","14":"product-type-simple"},"acf":[],"_links":{"self":[{"href":"https:\/\/freshgarbage.fi\/en\/wp-json\/wp\/v2\/product\/81402","targetHints":{"allow":["GET"]}}],"collection":[{"href":"https:\/\/freshgarbage.fi\/en\/wp-json\/wp\/v2\/product"}],"about":[{"href":"https:\/\/freshgarbage.fi\/en\/wp-json\/wp\/v2\/types\/product"}],"wp:featuredmedia":[{"embeddable":true,"href":"https:\/\/freshgarbage.fi\/en\/wp-json\/wp\/v2\/media\/81265"}],"wp:attachment":[{"href":"https:\/\/freshgarbage.fi\/en\/wp-json\/wp\/v2\/media?parent=81402"}],"wp:term":[{"taxonomy":"product_brand","embeddable":true,"href":"https:\/\/freshgarbage.fi\/en\/wp-json\/wp\/v2\/product_brand?post=81402"},{"taxonomy":"product_cat","embeddable":true,"href":"https:\/\/freshgarbage.fi\/en\/wp-json\/wp\/v2\/product_cat?post=81402"},{"taxonomy":"product_tag","embeddable":true,"href":"https:\/\/freshgarbage.fi\/en\/wp-json\/wp\/v2\/product_tag?post=81402"}],"curies":[{"name":"wp","href":"https:\/\/api.w.org\/{rel}","templated":true}]}}