{"id":81401,"date":"2026-02-03T11:45:26","date_gmt":"2026-02-03T09:45:26","guid":{"rendered":"https:\/\/freshgarbage.fi\/tuote\/kurylewicz-warska-niemen-muzyka-teatralna-i-telewizyjna\/"},"modified":"2026-02-03T11:45:26","modified_gmt":"2026-02-03T09:45:26","slug":"kurylewicz-warska-niemen-muzyka-teatralna-i-telewizyjna","status":"publish","type":"product","link":"https:\/\/freshgarbage.fi\/en\/product\/kurylewicz-warska-niemen-muzyka-teatralna-i-telewizyjna\/","title":{"rendered":"Kurylewicz, Warska, Niemen \u2013 Muzyka Teatralna I Telewizyjna"},"content":{"rendered":"","protected":false},"excerpt":{"rendered":"<p>2. painos, Andrzej Kurylewicz -orkesteri, Czes\u0142aw Niemen, Wanda Warska.<\/p>\n<p>Etukannessa pintarepe\u00e4m\u00e4, alasauma ratkennut muutaman sentin, kansimateriaali muutenkin ohutta heiver\u00f6ist\u00e4 materiaalia.<\/p>\n","protected":false},"featured_media":81291,"template":"","meta":{"_acf_changed":false},"product_brand":[],"product_cat":[122,116,133],"product_tag":[],"class_list":{"0":"post-81401","1":"product","2":"type-product","3":"status-publish","4":"has-post-thumbnail","6":"product_cat-jazz-fusion-en","7":"product_cat-rock-pop-en","8":"product_cat-soundtracks-en","9":"pa_formaatti-lp-en","10":"pa_kaytetty-uusi-2nd-hand","12":"first","13":"instock","14":"shipping-taxable","15":"purchasable","16":"product-type-simple"},"acf":[],"_links":{"self":[{"href":"https:\/\/freshgarbage.fi\/en\/wp-json\/wp\/v2\/product\/81401","targetHints":{"allow":["GET"]}}],"collection":[{"href":"https:\/\/freshgarbage.fi\/en\/wp-json\/wp\/v2\/product"}],"about":[{"href":"https:\/\/freshgarbage.fi\/en\/wp-json\/wp\/v2\/types\/product"}],"wp:featuredmedia":[{"embeddable":true,"href":"https:\/\/freshgarbage.fi\/en\/wp-json\/wp\/v2\/media\/81291"}],"wp:attachment":[{"href":"https:\/\/freshgarbage.fi\/en\/wp-json\/wp\/v2\/media?parent=81401"}],"wp:term":[{"taxonomy":"product_brand","embeddable":true,"href":"https:\/\/freshgarbage.fi\/en\/wp-json\/wp\/v2\/product_brand?post=81401"},{"taxonomy":"product_cat","embeddable":true,"href":"https:\/\/freshgarbage.fi\/en\/wp-json\/wp\/v2\/product_cat?post=81401"},{"taxonomy":"product_tag","embeddable":true,"href":"https:\/\/freshgarbage.fi\/en\/wp-json\/wp\/v2\/product_tag?post=81401"}],"curies":[{"name":"wp","href":"https:\/\/api.w.org\/{rel}","templated":true}]}}