{"id":81387,"date":"2026-02-19T18:00:29","date_gmt":"2026-02-19T16:00:29","guid":{"rendered":"https:\/\/freshgarbage.fi\/tuote\/stam1na-apnea\/"},"modified":"2026-02-21T14:10:34","modified_gmt":"2026-02-21T12:10:34","slug":"stam1na-apnea","status":"publish","type":"product","link":"https:\/\/freshgarbage.fi\/en\/product\/stam1na-apnea\/","title":{"rendered":"Stam1na \u2013 Apnea"},"content":{"rendered":"","protected":false},"excerpt":{"rendered":"<p>Seitsem\u00e4ll\u00e4 Emma-pystill\u00e4 uransa aikana noteerattu 30 vuotta t\u00e4ytt\u00e4v\u00e4 metalliyhtye Stam1na julkaisee uutta musiikkia.<\/p>\n<p>\u201dApnea -albumi kertoo hengitt\u00e4misest\u00e4 ja \u00e4killisest\u00e4 menetyksest\u00e4. Se kertoo my\u00f6s ihmisel\u00e4m\u00e4n unenomaisuudesta ja pit\u00e4m\u00e4tt\u00f6m\u00e4st\u00e4 puheesta.\u201d<\/p>\n<p>Pohjoinen lehto<br \/>\nOpas<br \/>\nGolem<br \/>\nSatiiri<br \/>\nK\u00e4\u00e4rmeennyrkki<br \/>\nLahja<br \/>\nAnna minun olla heikoin lenkki<br \/>\nToivonkipin\u00e4<br \/>\nApnea<\/p>\n","protected":false},"featured_media":81376,"template":"","meta":{"_acf_changed":false},"product_brand":[],"product_cat":[120,118,107],"product_tag":[],"class_list":{"0":"post-81387","1":"product","2":"type-product","3":"status-publish","4":"has-post-thumbnail","6":"product_cat-finnish","7":"product_cat-metal-en","8":"product_cat-new","9":"pa_formaatti-lp-en","10":"pa_kaytetty-uusi-new","12":"first","13":"instock","14":"taxable","15":"shipping-taxable","16":"purchasable","17":"product-type-simple"},"acf":[],"_links":{"self":[{"href":"https:\/\/freshgarbage.fi\/en\/wp-json\/wp\/v2\/product\/81387","targetHints":{"allow":["GET"]}}],"collection":[{"href":"https:\/\/freshgarbage.fi\/en\/wp-json\/wp\/v2\/product"}],"about":[{"href":"https:\/\/freshgarbage.fi\/en\/wp-json\/wp\/v2\/types\/product"}],"wp:featuredmedia":[{"embeddable":true,"href":"https:\/\/freshgarbage.fi\/en\/wp-json\/wp\/v2\/media\/81376"}],"wp:attachment":[{"href":"https:\/\/freshgarbage.fi\/en\/wp-json\/wp\/v2\/media?parent=81387"}],"wp:term":[{"taxonomy":"product_brand","embeddable":true,"href":"https:\/\/freshgarbage.fi\/en\/wp-json\/wp\/v2\/product_brand?post=81387"},{"taxonomy":"product_cat","embeddable":true,"href":"https:\/\/freshgarbage.fi\/en\/wp-json\/wp\/v2\/product_cat?post=81387"},{"taxonomy":"product_tag","embeddable":true,"href":"https:\/\/freshgarbage.fi\/en\/wp-json\/wp\/v2\/product_tag?post=81387"}],"curies":[{"name":"wp","href":"https:\/\/api.w.org\/{rel}","templated":true}]}}