{"id":81386,"date":"2026-02-04T11:11:44","date_gmt":"2026-02-04T09:11:44","guid":{"rendered":"https:\/\/freshgarbage.fi\/tuote\/maustetytot-kaikki-tiet-vievat-peltolaan-2\/"},"modified":"2026-02-06T14:59:55","modified_gmt":"2026-02-06T12:59:55","slug":"maustetytot-kaikki-tiet-vievat-peltolaan-2","status":"publish","type":"product","link":"https:\/\/freshgarbage.fi\/en\/product\/maustetytot-kaikki-tiet-vievat-peltolaan-2\/","title":{"rendered":"Ilmestyy 04\/2026 \/ Maustetyt\u00f6t \u2013 Kaikki Tiet Viev\u00e4t Peltolaan"},"content":{"rendered":"","protected":false},"excerpt":{"rendered":"<p>ENNAKKOTILAUS. Ilmestyy huhtikuussa.<\/p>\n<p>Uusi painos oranssilla vinyylill\u00e4.<\/p>\n<p>Suunnitelma &#8211; A!<br \/>\nA1 En Saa Unta Varmaan Haudassakaan<br \/>\nA2 Ihan Niin Kuin Mukamasten Vaan<br \/>\nA3 Talvi Talvikin Kanssa<br \/>\nA4 Viidestoista P\u00e4iv\u00e4<br \/>\nA5 Halpaa Kaljaa Ja Reseptivapaita S\u00e4rkyl\u00e4\u00e4kkeit\u00e4<br \/>\nSuunnitelma &#8211; B!<br \/>\nB1 Tein Kai Lottorivini V\u00e4\u00e4rin<br \/>\nB2 Soitin Sulle Sanoakseni En Mit\u00e4\u00e4n<br \/>\nB3 Se Oli SOS<br \/>\nB4 Kaikki Tiet Viev\u00e4t Peltolaan<br \/>\nB5 M\u00e4 Loistan Kuin H\u00e4m\u00e4r\u00e4<\/p>\n","protected":false},"featured_media":81379,"template":"","meta":{"_acf_changed":false},"product_brand":[],"product_cat":[135,120,107],"product_tag":[],"class_list":{"0":"post-81386","1":"product","2":"type-product","3":"status-publish","4":"has-post-thumbnail","6":"product_cat-coming-soon","7":"product_cat-finnish","8":"product_cat-new","9":"pa_formaatti-lp-en","10":"pa_kaytetty-uusi-coming-soon","11":"pa_kaytetty-uusi-new","13":"first","14":"instock","15":"taxable","16":"shipping-taxable","17":"purchasable","18":"product-type-simple"},"acf":[],"_links":{"self":[{"href":"https:\/\/freshgarbage.fi\/en\/wp-json\/wp\/v2\/product\/81386","targetHints":{"allow":["GET"]}}],"collection":[{"href":"https:\/\/freshgarbage.fi\/en\/wp-json\/wp\/v2\/product"}],"about":[{"href":"https:\/\/freshgarbage.fi\/en\/wp-json\/wp\/v2\/types\/product"}],"wp:featuredmedia":[{"embeddable":true,"href":"https:\/\/freshgarbage.fi\/en\/wp-json\/wp\/v2\/media\/81379"}],"wp:attachment":[{"href":"https:\/\/freshgarbage.fi\/en\/wp-json\/wp\/v2\/media?parent=81386"}],"wp:term":[{"taxonomy":"product_brand","embeddable":true,"href":"https:\/\/freshgarbage.fi\/en\/wp-json\/wp\/v2\/product_brand?post=81386"},{"taxonomy":"product_cat","embeddable":true,"href":"https:\/\/freshgarbage.fi\/en\/wp-json\/wp\/v2\/product_cat?post=81386"},{"taxonomy":"product_tag","embeddable":true,"href":"https:\/\/freshgarbage.fi\/en\/wp-json\/wp\/v2\/product_tag?post=81386"}],"curies":[{"name":"wp","href":"https:\/\/api.w.org\/{rel}","templated":true}]}}