{"id":81151,"date":"2024-08-15T11:30:08","date_gmt":"2024-08-15T08:30:08","guid":{"rendered":"https:\/\/freshgarbage.fi\/tuote\/finnforest-demonnights-2\/"},"modified":"2024-08-15T11:30:08","modified_gmt":"2024-08-15T08:30:08","slug":"finnforest-demonnights-2","status":"publish","type":"product","link":"https:\/\/freshgarbage.fi\/en\/product\/finnforest-demonnights-2\/","title":{"rendered":"Finnforest \u2013 Demonnights"},"content":{"rendered":"","protected":false},"excerpt":{"rendered":"<p>Alkuper\u00e4inen koelevy. Levyss\u00e4 reilusti j\u00e4lke\u00e4, mutta soi ihan miellytt\u00e4v\u00e4sti satunnaisella rapinalla ja kevyill\u00e4 napsuilla. Ei kansia.<\/p>\n","protected":false},"featured_media":20794,"template":"","meta":{"_acf_changed":false},"product_brand":[],"product_cat":[120,113],"product_tag":[],"class_list":{"0":"post-81151","1":"product","2":"type-product","3":"status-publish","4":"has-post-thumbnail","6":"product_cat-finnish","7":"product_cat-progressive-rock-krautrock-en","8":"pa_formaatti-lp-en","9":"pa_kaytetty-uusi-2nd-hand","11":"first","12":"instock","13":"shipping-taxable","14":"purchasable","15":"product-type-simple"},"acf":[],"_links":{"self":[{"href":"https:\/\/freshgarbage.fi\/en\/wp-json\/wp\/v2\/product\/81151","targetHints":{"allow":["GET"]}}],"collection":[{"href":"https:\/\/freshgarbage.fi\/en\/wp-json\/wp\/v2\/product"}],"about":[{"href":"https:\/\/freshgarbage.fi\/en\/wp-json\/wp\/v2\/types\/product"}],"wp:featuredmedia":[{"embeddable":true,"href":"https:\/\/freshgarbage.fi\/en\/wp-json\/wp\/v2\/media\/20794"}],"wp:attachment":[{"href":"https:\/\/freshgarbage.fi\/en\/wp-json\/wp\/v2\/media?parent=81151"}],"wp:term":[{"taxonomy":"product_brand","embeddable":true,"href":"https:\/\/freshgarbage.fi\/en\/wp-json\/wp\/v2\/product_brand?post=81151"},{"taxonomy":"product_cat","embeddable":true,"href":"https:\/\/freshgarbage.fi\/en\/wp-json\/wp\/v2\/product_cat?post=81151"},{"taxonomy":"product_tag","embeddable":true,"href":"https:\/\/freshgarbage.fi\/en\/wp-json\/wp\/v2\/product_tag?post=81151"}],"curies":[{"name":"wp","href":"https:\/\/api.w.org\/{rel}","templated":true}]}}