{"id":81037,"date":"2024-08-27T13:59:34","date_gmt":"2024-08-27T10:59:34","guid":{"rendered":"https:\/\/freshgarbage.fi\/tuote\/baaska-scavelli-get-off-the-ground-maxi\/"},"modified":"2024-08-27T13:59:34","modified_gmt":"2024-08-27T10:59:34","slug":"baaska-scavelli-get-off-the-ground-maxi","status":"publish","type":"product","link":"https:\/\/freshgarbage.fi\/en\/product\/baaska-scavelli-get-off-the-ground-maxi\/","title":{"rendered":"Baaska &#038; Scavelli \u2013 Get Off The Ground MAXI"},"content":{"rendered":"","protected":false},"excerpt":{"rendered":"<p>Yl\u00e4saumassa l\u00e4hemm\u00e4s 10 cm seam split.<\/p>\n","protected":false},"featured_media":21525,"template":"","meta":{"_acf_changed":false},"product_brand":[],"product_cat":[122],"product_tag":[],"class_list":{"0":"post-81037","1":"product","2":"type-product","3":"status-publish","4":"has-post-thumbnail","6":"product_cat-jazz-fusion-en","7":"pa_formaatti-12-en","8":"pa_kaytetty-uusi-2nd-hand","10":"first","11":"instock","12":"shipping-taxable","13":"purchasable","14":"product-type-simple"},"acf":[],"_links":{"self":[{"href":"https:\/\/freshgarbage.fi\/en\/wp-json\/wp\/v2\/product\/81037","targetHints":{"allow":["GET"]}}],"collection":[{"href":"https:\/\/freshgarbage.fi\/en\/wp-json\/wp\/v2\/product"}],"about":[{"href":"https:\/\/freshgarbage.fi\/en\/wp-json\/wp\/v2\/types\/product"}],"wp:featuredmedia":[{"embeddable":true,"href":"https:\/\/freshgarbage.fi\/en\/wp-json\/wp\/v2\/media\/21525"}],"wp:attachment":[{"href":"https:\/\/freshgarbage.fi\/en\/wp-json\/wp\/v2\/media?parent=81037"}],"wp:term":[{"taxonomy":"product_brand","embeddable":true,"href":"https:\/\/freshgarbage.fi\/en\/wp-json\/wp\/v2\/product_brand?post=81037"},{"taxonomy":"product_cat","embeddable":true,"href":"https:\/\/freshgarbage.fi\/en\/wp-json\/wp\/v2\/product_cat?post=81037"},{"taxonomy":"product_tag","embeddable":true,"href":"https:\/\/freshgarbage.fi\/en\/wp-json\/wp\/v2\/product_tag?post=81037"}],"curies":[{"name":"wp","href":"https:\/\/api.w.org\/{rel}","templated":true}]}}