{"id":80999,"date":"2024-12-05T10:59:38","date_gmt":"2024-12-05T08:59:38","guid":{"rendered":"https:\/\/freshgarbage.fi\/tuote\/point-blank-second-season\/"},"modified":"2024-12-05T10:59:38","modified_gmt":"2024-12-05T08:59:38","slug":"point-blank-second-season","status":"publish","type":"product","link":"https:\/\/freshgarbage.fi\/en\/product\/point-blank-second-season\/","title":{"rendered":"Point Blank \u2013 Second Season"},"content":{"rendered":"","protected":false},"excerpt":{"rendered":"<p>Cut out, ehj\u00e4 selk\u00e4mys vahvistettu siististi l\u00e4pin\u00e4kyv\u00e4ll\u00e4 teipill\u00e4.<\/p>\n","protected":false},"featured_media":27339,"template":"","meta":{"_acf_changed":false},"product_brand":[],"product_cat":[116],"product_tag":[],"class_list":{"0":"post-80999","1":"product","2":"type-product","3":"status-publish","4":"has-post-thumbnail","6":"product_cat-rock-pop-en","7":"pa_formaatti-lp-en","8":"pa_kaytetty-uusi-2nd-hand","10":"first","11":"outofstock","12":"shipping-taxable","13":"purchasable","14":"product-type-simple"},"acf":[],"_links":{"self":[{"href":"https:\/\/freshgarbage.fi\/en\/wp-json\/wp\/v2\/product\/80999","targetHints":{"allow":["GET"]}}],"collection":[{"href":"https:\/\/freshgarbage.fi\/en\/wp-json\/wp\/v2\/product"}],"about":[{"href":"https:\/\/freshgarbage.fi\/en\/wp-json\/wp\/v2\/types\/product"}],"wp:featuredmedia":[{"embeddable":true,"href":"https:\/\/freshgarbage.fi\/en\/wp-json\/wp\/v2\/media\/27339"}],"wp:attachment":[{"href":"https:\/\/freshgarbage.fi\/en\/wp-json\/wp\/v2\/media?parent=80999"}],"wp:term":[{"taxonomy":"product_brand","embeddable":true,"href":"https:\/\/freshgarbage.fi\/en\/wp-json\/wp\/v2\/product_brand?post=80999"},{"taxonomy":"product_cat","embeddable":true,"href":"https:\/\/freshgarbage.fi\/en\/wp-json\/wp\/v2\/product_cat?post=80999"},{"taxonomy":"product_tag","embeddable":true,"href":"https:\/\/freshgarbage.fi\/en\/wp-json\/wp\/v2\/product_tag?post=80999"}],"curies":[{"name":"wp","href":"https:\/\/api.w.org\/{rel}","templated":true}]}}