{"id":80978,"date":"2024-12-17T11:45:29","date_gmt":"2024-12-17T09:45:29","guid":{"rendered":"https:\/\/freshgarbage.fi\/tuote\/jethro-tull-thick-as-a-brick\/"},"modified":"2024-12-17T11:45:29","modified_gmt":"2024-12-17T09:45:29","slug":"jethro-tull-thick-as-a-brick","status":"publish","type":"product","link":"https:\/\/freshgarbage.fi\/en\/product\/jethro-tull-thick-as-a-brick\/","title":{"rendered":"Jethro Tull \u2013 Thick As A Brick"},"content":{"rendered":"","protected":false},"excerpt":{"rendered":"<p>Alkuper\u00e4inen Suomi-painos sanomalehtikansilla.<\/p>\n<p>Osa sanomalehden sis\u00e4sivuista irti ja niiss\u00e4 on taitosta ja rispaantumista, mik\u00e4 on n\u00e4ille hyvin tyypillist\u00e4. Kaikki sivut kuitenkin tallessa. Takakannessa nimi ja my\u00f6s joissakin sis\u00e4sivuissa kirjoitusta. Puutteistaan huolimatta p\u00e4\u00e4lt\u00e4p\u00e4in oikein siistin n\u00e4k\u00f6inen. Levyss\u00e4 vain heiver\u00f6ist\u00e4 hiusj\u00e4lke\u00e4\/hankaumaa, soi hienosti.<\/p>\n","protected":false},"featured_media":27918,"template":"","meta":{"_acf_changed":false},"product_brand":[],"product_cat":[113],"product_tag":[],"class_list":{"0":"post-80978","1":"product","2":"type-product","3":"status-publish","4":"has-post-thumbnail","6":"product_cat-progressive-rock-krautrock-en","7":"pa_formaatti-lp-en","8":"pa_kaytetty-uusi-2nd-hand","10":"first","11":"instock","12":"shipping-taxable","13":"purchasable","14":"product-type-simple"},"acf":[],"_links":{"self":[{"href":"https:\/\/freshgarbage.fi\/en\/wp-json\/wp\/v2\/product\/80978","targetHints":{"allow":["GET"]}}],"collection":[{"href":"https:\/\/freshgarbage.fi\/en\/wp-json\/wp\/v2\/product"}],"about":[{"href":"https:\/\/freshgarbage.fi\/en\/wp-json\/wp\/v2\/types\/product"}],"wp:featuredmedia":[{"embeddable":true,"href":"https:\/\/freshgarbage.fi\/en\/wp-json\/wp\/v2\/media\/27918"}],"wp:attachment":[{"href":"https:\/\/freshgarbage.fi\/en\/wp-json\/wp\/v2\/media?parent=80978"}],"wp:term":[{"taxonomy":"product_brand","embeddable":true,"href":"https:\/\/freshgarbage.fi\/en\/wp-json\/wp\/v2\/product_brand?post=80978"},{"taxonomy":"product_cat","embeddable":true,"href":"https:\/\/freshgarbage.fi\/en\/wp-json\/wp\/v2\/product_cat?post=80978"},{"taxonomy":"product_tag","embeddable":true,"href":"https:\/\/freshgarbage.fi\/en\/wp-json\/wp\/v2\/product_tag?post=80978"}],"curies":[{"name":"wp","href":"https:\/\/api.w.org\/{rel}","templated":true}]}}