{"id":80895,"date":"2025-01-10T11:59:06","date_gmt":"2025-01-10T09:59:06","guid":{"rendered":"https:\/\/freshgarbage.fi\/tuote\/the-who-live-at-leeds-2\/"},"modified":"2025-01-10T11:59:06","modified_gmt":"2025-01-10T09:59:06","slug":"the-who-live-at-leeds-2","status":"publish","type":"product","link":"https:\/\/freshgarbage.fi\/en\/product\/the-who-live-at-leeds-2\/","title":{"rendered":"The Who \u2013 Live At Leeds"},"content":{"rendered":"","protected":false},"excerpt":{"rendered":"<p><span class=\"MuiTypography-root MuiTypography-bodySmall css-1vjnjdl\">Varhainen UK-painos sinisell\u00e4 kansileimalla.<\/span><\/p>\n<p>Hauraat kannet aika heikossa kunnossa, mutta yhdess\u00e4 koossa. Reunarepe\u00e4mien ja tahrojen lis\u00e4ksi my\u00f6 saumoja auki. Keskisauma on taidettu korjata itse (hyvin siististi kyll\u00e4) sis\u00e4puolelta.<\/p>\n<p>Levyss\u00e4 pintaj\u00e4lke\u00e4, mutta soi p\u00e4\u00e4osin erinomaisesti ja tuhdisti. Jotain kevytt\u00e4 taustaritin\u00e4\u00e4\/-rahinaa saattaa esiinty\u00e4 hiljaisissa kohdissa.<\/p>\n<p>Liitteist\u00e4 tallessa 8\/12 alla olevan listan mukaisesti:<\/p>\n<p><span class=\"MuiTypography-root MuiTypography-bodySmall css-1vjnjdl\"><del>Photo of the band<\/del><br \/>\n<del>Poster for Marquee gigs<\/del><br \/>\nLetter from John Burgess at EMI records<br \/>\nGig cancellation letter from Barry Perkins at Kings Agency<br \/>\n<del>Lyrics to &#8216;My Generation&#8217;<\/del><br \/>\nList of &#8216;High Numbers&#8217; gigs and earnings<br \/>\nEarnings list for Malcolm Rose (New Action Ltd.)<br \/>\n<del>Photo from behind the drums at Woodstock with writing on reverse<\/del><br \/>\nContract for the bands Woodstock performance<br \/>\nDelivery note for smoke generators<br \/>\nMarquee club box office sheet<br \/>\nCounty Court Notice for the outstanding the return of musical instruments<\/span><\/p>\n","protected":false},"featured_media":28785,"template":"","meta":{"_acf_changed":false},"product_brand":[],"product_cat":[116],"product_tag":[],"class_list":{"0":"post-80895","1":"product","2":"type-product","3":"status-publish","4":"has-post-thumbnail","6":"product_cat-rock-pop-en","7":"pa_formaatti-lp-en","8":"pa_kaytetty-uusi-2nd-hand","10":"first","11":"instock","12":"shipping-taxable","13":"purchasable","14":"product-type-simple"},"acf":[],"_links":{"self":[{"href":"https:\/\/freshgarbage.fi\/en\/wp-json\/wp\/v2\/product\/80895","targetHints":{"allow":["GET"]}}],"collection":[{"href":"https:\/\/freshgarbage.fi\/en\/wp-json\/wp\/v2\/product"}],"about":[{"href":"https:\/\/freshgarbage.fi\/en\/wp-json\/wp\/v2\/types\/product"}],"wp:featuredmedia":[{"embeddable":true,"href":"https:\/\/freshgarbage.fi\/en\/wp-json\/wp\/v2\/media\/28785"}],"wp:attachment":[{"href":"https:\/\/freshgarbage.fi\/en\/wp-json\/wp\/v2\/media?parent=80895"}],"wp:term":[{"taxonomy":"product_brand","embeddable":true,"href":"https:\/\/freshgarbage.fi\/en\/wp-json\/wp\/v2\/product_brand?post=80895"},{"taxonomy":"product_cat","embeddable":true,"href":"https:\/\/freshgarbage.fi\/en\/wp-json\/wp\/v2\/product_cat?post=80895"},{"taxonomy":"product_tag","embeddable":true,"href":"https:\/\/freshgarbage.fi\/en\/wp-json\/wp\/v2\/product_tag?post=80895"}],"curies":[{"name":"wp","href":"https:\/\/api.w.org\/{rel}","templated":true}]}}