{"id":80849,"date":"2026-01-21T11:45:43","date_gmt":"2026-01-21T09:45:43","guid":{"rendered":"https:\/\/freshgarbage.fi\/tuote\/toe-fat-toe-fat\/"},"modified":"2026-01-21T11:45:43","modified_gmt":"2026-01-21T09:45:43","slug":"toe-fat-toe-fat","status":"publish","type":"product","link":"https:\/\/freshgarbage.fi\/en\/product\/toe-fat-toe-fat\/","title":{"rendered":"Toe Fat \u2013 Toe Fat"},"content":{"rendered":"","protected":false},"excerpt":{"rendered":"<p>Alkuper\u00e4inen UK-painos. Mukana my\u00f6hemmin Uriah Heepin siirtyneet Ken Hensley ja Lee Kerslake<\/p>\n<p>Kannessa hieman taittumia, muuten ehj\u00e4t ja siistit. Levyss\u00e4 hieman kevytt\u00e4 hiusj\u00e4lke\u00e4, josta satunnaista hyvin kevytt\u00e4 taustaripsett\u00e4.<\/p>\n","protected":false},"featured_media":77531,"template":"","meta":{"_acf_changed":false},"product_brand":[],"product_cat":[129,113],"product_tag":[],"class_list":{"0":"post-80849","1":"product","2":"type-product","3":"status-publish","4":"has-post-thumbnail","6":"product_cat-blues-blues-rock-en","7":"product_cat-progressive-rock-krautrock-en","8":"pa_formaatti-lp-en","9":"pa_kaytetty-uusi-2nd-hand","11":"first","12":"instock","13":"shipping-taxable","14":"purchasable","15":"product-type-simple"},"acf":[],"_links":{"self":[{"href":"https:\/\/freshgarbage.fi\/en\/wp-json\/wp\/v2\/product\/80849","targetHints":{"allow":["GET"]}}],"collection":[{"href":"https:\/\/freshgarbage.fi\/en\/wp-json\/wp\/v2\/product"}],"about":[{"href":"https:\/\/freshgarbage.fi\/en\/wp-json\/wp\/v2\/types\/product"}],"wp:featuredmedia":[{"embeddable":true,"href":"https:\/\/freshgarbage.fi\/en\/wp-json\/wp\/v2\/media\/77531"}],"wp:attachment":[{"href":"https:\/\/freshgarbage.fi\/en\/wp-json\/wp\/v2\/media?parent=80849"}],"wp:term":[{"taxonomy":"product_brand","embeddable":true,"href":"https:\/\/freshgarbage.fi\/en\/wp-json\/wp\/v2\/product_brand?post=80849"},{"taxonomy":"product_cat","embeddable":true,"href":"https:\/\/freshgarbage.fi\/en\/wp-json\/wp\/v2\/product_cat?post=80849"},{"taxonomy":"product_tag","embeddable":true,"href":"https:\/\/freshgarbage.fi\/en\/wp-json\/wp\/v2\/product_tag?post=80849"}],"curies":[{"name":"wp","href":"https:\/\/api.w.org\/{rel}","templated":true}]}}