{"id":80840,"date":"2026-03-12T15:01:35","date_gmt":"2026-03-12T13:01:35","guid":{"rendered":"https:\/\/freshgarbage.fi\/tuote\/ismo-alanko-kevyt-ja-kohtuuton\/"},"modified":"2026-03-12T15:16:33","modified_gmt":"2026-03-12T13:16:33","slug":"ismo-alanko-kevyt-ja-kohtuuton","status":"publish","type":"product","link":"https:\/\/freshgarbage.fi\/en\/product\/ismo-alanko-kevyt-ja-kohtuuton\/","title":{"rendered":"Ismo Alanko \u2013 Kevyt ja kohtuuton"},"content":{"rendered":"","protected":false},"excerpt":{"rendered":"<p>Ismo Alanko julkaisee 20. maaliskuuta 2026 uuden albuminsa Kevyt ja kohtuuton, jonka tuottajana on toiminut vanha yhteisty\u00f6kumppani Riku Mattila.<\/p>\n<p>\u201dKevyt ja kohtuuton -albumilla soittaa jo kolmetoista vuotta kanssani musisoinut El Mosquito-yhtye. Hyvin treenannut b\u00e4ndi on \u00e4\u00e4nitettty liven\u00e4 studiossa kokonaisina ottoina ilman klikki\u00e4. T\u00e4ss\u00e4 ajassa poikkeava musiikin tallennustapa tuo biisiin ja tulevalle levylle villi\u00e4 el\u00e4vyytt\u00e4 ja el\u00e4m\u00e4nmakuista rosoa\u201d, Alanko kertoo.<\/p>\n<p>1. Kevyt ja kohtuuton<br \/>\n2. Kieli on maa<br \/>\n3. Vapaa<br \/>\n4. Hylk\u00e4\u00e4n<br \/>\n5. Marras<br \/>\n6. Nuoruus on vakava sairaus (feat. Mariska)<br \/>\n7. Hyv\u00e4lt\u00e4 n\u00e4ytt\u00e4\u00e4, pahalta tuntuu<br \/>\n8. Loppuaikana<br \/>\n9. Peto (Valo tulvii sis\u00e4\u00e4n)<br \/>\n10. Vaadin onnellisen lopun<br \/>\n11. Yhdyssanoja<\/p>\n","protected":false},"featured_media":77580,"template":"","meta":{"_acf_changed":false},"product_brand":[],"product_cat":[120,107],"product_tag":[],"class_list":{"0":"post-80840","1":"product","2":"type-product","3":"status-publish","4":"has-post-thumbnail","6":"product_cat-finnish","7":"product_cat-new","8":"pa_formaatti-lp-en","9":"pa_kaytetty-uusi-new","11":"first","12":"instock","13":"taxable","14":"shipping-taxable","15":"purchasable","16":"product-type-simple"},"acf":[],"_links":{"self":[{"href":"https:\/\/freshgarbage.fi\/en\/wp-json\/wp\/v2\/product\/80840","targetHints":{"allow":["GET"]}}],"collection":[{"href":"https:\/\/freshgarbage.fi\/en\/wp-json\/wp\/v2\/product"}],"about":[{"href":"https:\/\/freshgarbage.fi\/en\/wp-json\/wp\/v2\/types\/product"}],"wp:featuredmedia":[{"embeddable":true,"href":"https:\/\/freshgarbage.fi\/en\/wp-json\/wp\/v2\/media\/77580"}],"wp:attachment":[{"href":"https:\/\/freshgarbage.fi\/en\/wp-json\/wp\/v2\/media?parent=80840"}],"wp:term":[{"taxonomy":"product_brand","embeddable":true,"href":"https:\/\/freshgarbage.fi\/en\/wp-json\/wp\/v2\/product_brand?post=80840"},{"taxonomy":"product_cat","embeddable":true,"href":"https:\/\/freshgarbage.fi\/en\/wp-json\/wp\/v2\/product_cat?post=80840"},{"taxonomy":"product_tag","embeddable":true,"href":"https:\/\/freshgarbage.fi\/en\/wp-json\/wp\/v2\/product_tag?post=80840"}],"curies":[{"name":"wp","href":"https:\/\/api.w.org\/{rel}","templated":true}]}}