{"id":80819,"date":"2026-01-26T11:45:19","date_gmt":"2026-01-26T09:45:19","guid":{"rendered":"https:\/\/freshgarbage.fi\/tuote\/the-beatles-greatest-hits-volume-1\/"},"modified":"2026-01-26T11:45:19","modified_gmt":"2026-01-26T09:45:19","slug":"the-beatles-greatest-hits-volume-1","status":"publish","type":"product","link":"https:\/\/freshgarbage.fi\/en\/product\/the-beatles-greatest-hits-volume-1\/","title":{"rendered":"The Beatles \u2013 Greatest Hits Volume 1"},"content":{"rendered":"","protected":false},"excerpt":{"rendered":"<p>Singaporen, Malesian ja Hongkongin markkinoille tehty kokoelma.<\/p>\n<p>Levyss\u00e4 hyvin paljon j\u00e4lke\u00e4, mutta soi ok. Reiluhkoa rahinaa, mutta ei pahempia napsuja.<\/p>\n<p>A1 Please Please Me 1:56<br \/>\nA2 From Me To You 1:55<br \/>\nA3 She Loves You 2:15<br \/>\nA4 I&#8217;ll Get You 2:00<br \/>\nA5 I Want To Hold Your Hands 2:20<br \/>\nA6 Love Me Do 2:16<br \/>\nA7 I Saw Her Standing There 2:50<br \/>\nB1 Twist And Shout 2:29<br \/>\nB2 Roll Over Beethoven 2:40<br \/>\nB3 All My Loving 2:03<br \/>\nB4 Hold Me Tight 2:25<br \/>\nB5 Can&#8217;t Buy Me Love 2:08<br \/>\nB6 You Can&#8217;t Do That 2:30<br \/>\nB7 Long Tall Sally 2:01<\/p>\n","protected":false},"featured_media":77780,"template":"","meta":{"_acf_changed":false},"product_brand":[],"product_cat":[116],"product_tag":[],"class_list":{"0":"post-80819","1":"product","2":"type-product","3":"status-publish","4":"has-post-thumbnail","6":"product_cat-rock-pop-en","7":"pa_formaatti-lp-en","8":"pa_kaytetty-uusi-2nd-hand","10":"first","11":"instock","12":"shipping-taxable","13":"purchasable","14":"product-type-simple"},"acf":[],"_links":{"self":[{"href":"https:\/\/freshgarbage.fi\/en\/wp-json\/wp\/v2\/product\/80819","targetHints":{"allow":["GET"]}}],"collection":[{"href":"https:\/\/freshgarbage.fi\/en\/wp-json\/wp\/v2\/product"}],"about":[{"href":"https:\/\/freshgarbage.fi\/en\/wp-json\/wp\/v2\/types\/product"}],"wp:featuredmedia":[{"embeddable":true,"href":"https:\/\/freshgarbage.fi\/en\/wp-json\/wp\/v2\/media\/77780"}],"wp:attachment":[{"href":"https:\/\/freshgarbage.fi\/en\/wp-json\/wp\/v2\/media?parent=80819"}],"wp:term":[{"taxonomy":"product_brand","embeddable":true,"href":"https:\/\/freshgarbage.fi\/en\/wp-json\/wp\/v2\/product_brand?post=80819"},{"taxonomy":"product_cat","embeddable":true,"href":"https:\/\/freshgarbage.fi\/en\/wp-json\/wp\/v2\/product_cat?post=80819"},{"taxonomy":"product_tag","embeddable":true,"href":"https:\/\/freshgarbage.fi\/en\/wp-json\/wp\/v2\/product_tag?post=80819"}],"curies":[{"name":"wp","href":"https:\/\/api.w.org\/{rel}","templated":true}]}}