{"id":80797,"date":"2026-01-26T11:45:51","date_gmt":"2026-01-26T09:45:51","guid":{"rendered":"https:\/\/freshgarbage.fi\/tuote\/ten-years-after-a-space-in-time\/"},"modified":"2026-01-26T11:45:51","modified_gmt":"2026-01-26T09:45:51","slug":"ten-years-after-a-space-in-time","status":"publish","type":"product","link":"https:\/\/freshgarbage.fi\/en\/product\/ten-years-after-a-space-in-time\/","title":{"rendered":"Ten Years After \u2013 A Space In Time"},"content":{"rendered":"","protected":false},"excerpt":{"rendered":"<p>Alkuper\u00e4inen UK-painos.<\/p>\n<p>Kannen p\u00e4\u00e4tysaumassa v\u00e4h\u00e4n reilumpaa pintakulumaa, mutta ei ole puhki. Levyss\u00e4 vain joitakin heiver\u00f6isi\u00e4 hiusj\u00e4lki\u00e4, soi hienosti.<\/p>\n","protected":false},"featured_media":77784,"template":"","meta":{"_acf_changed":false},"product_brand":[],"product_cat":[129],"product_tag":[],"class_list":{"0":"post-80797","1":"product","2":"type-product","3":"status-publish","4":"has-post-thumbnail","6":"product_cat-blues-blues-rock-en","7":"pa_formaatti-lp-en","8":"pa_kaytetty-uusi-2nd-hand","10":"first","11":"instock","12":"shipping-taxable","13":"purchasable","14":"product-type-simple"},"acf":[],"_links":{"self":[{"href":"https:\/\/freshgarbage.fi\/en\/wp-json\/wp\/v2\/product\/80797","targetHints":{"allow":["GET"]}}],"collection":[{"href":"https:\/\/freshgarbage.fi\/en\/wp-json\/wp\/v2\/product"}],"about":[{"href":"https:\/\/freshgarbage.fi\/en\/wp-json\/wp\/v2\/types\/product"}],"wp:featuredmedia":[{"embeddable":true,"href":"https:\/\/freshgarbage.fi\/en\/wp-json\/wp\/v2\/media\/77784"}],"wp:attachment":[{"href":"https:\/\/freshgarbage.fi\/en\/wp-json\/wp\/v2\/media?parent=80797"}],"wp:term":[{"taxonomy":"product_brand","embeddable":true,"href":"https:\/\/freshgarbage.fi\/en\/wp-json\/wp\/v2\/product_brand?post=80797"},{"taxonomy":"product_cat","embeddable":true,"href":"https:\/\/freshgarbage.fi\/en\/wp-json\/wp\/v2\/product_cat?post=80797"},{"taxonomy":"product_tag","embeddable":true,"href":"https:\/\/freshgarbage.fi\/en\/wp-json\/wp\/v2\/product_tag?post=80797"}],"curies":[{"name":"wp","href":"https:\/\/api.w.org\/{rel}","templated":true}]}}