{"id":80788,"date":"2026-02-24T11:45:01","date_gmt":"2026-02-24T09:45:01","guid":{"rendered":"https:\/\/freshgarbage.fi\/?post_type=product&#038;p=80788"},"modified":"2026-02-24T11:48:44","modified_gmt":"2026-02-24T09:48:44","slug":"roy-ayers-baby-doll-maxi","status":"publish","type":"product","link":"https:\/\/freshgarbage.fi\/en\/product\/roy-ayers-baby-doll-maxi\/","title":{"rendered":"Roy Ayers \u2013 Baby Doll MAXI"},"content":{"rendered":"","protected":false},"excerpt":{"rendered":"<p>Hieman kevytt\u00e4 j\u00e4lke\u00e4, soi hienosti. Kansi hieman nuhruinen.<\/p>\n<p>A Baby Doll 5:11<br \/>\nB Baby Doll (Instrumental) 5:21<\/p>\n","protected":false},"featured_media":82469,"template":"","meta":{"_acf_changed":false},"product_brand":[],"product_cat":[132],"product_tag":[],"class_list":{"0":"post-80788","1":"product","2":"type-product","3":"status-publish","4":"has-post-thumbnail","6":"product_cat-soul-funk-disco-rnb-en","7":"pa_formaatti-12-en","8":"pa_kaytetty-uusi-2nd-hand","10":"first","11":"instock","12":"shipping-taxable","13":"purchasable","14":"product-type-simple"},"acf":[],"_links":{"self":[{"href":"https:\/\/freshgarbage.fi\/en\/wp-json\/wp\/v2\/product\/80788","targetHints":{"allow":["GET"]}}],"collection":[{"href":"https:\/\/freshgarbage.fi\/en\/wp-json\/wp\/v2\/product"}],"about":[{"href":"https:\/\/freshgarbage.fi\/en\/wp-json\/wp\/v2\/types\/product"}],"wp:featuredmedia":[{"embeddable":true,"href":"https:\/\/freshgarbage.fi\/en\/wp-json\/wp\/v2\/media\/82469"}],"wp:attachment":[{"href":"https:\/\/freshgarbage.fi\/en\/wp-json\/wp\/v2\/media?parent=80788"}],"wp:term":[{"taxonomy":"product_brand","embeddable":true,"href":"https:\/\/freshgarbage.fi\/en\/wp-json\/wp\/v2\/product_brand?post=80788"},{"taxonomy":"product_cat","embeddable":true,"href":"https:\/\/freshgarbage.fi\/en\/wp-json\/wp\/v2\/product_cat?post=80788"},{"taxonomy":"product_tag","embeddable":true,"href":"https:\/\/freshgarbage.fi\/en\/wp-json\/wp\/v2\/product_tag?post=80788"}],"curies":[{"name":"wp","href":"https:\/\/api.w.org\/{rel}","templated":true}]}}