{"id":80782,"date":"2026-02-10T13:00:53","date_gmt":"2026-02-10T11:00:53","guid":{"rendered":"https:\/\/freshgarbage.fi\/?post_type=product&#038;p=80782"},"modified":"2026-02-12T19:59:06","modified_gmt":"2026-02-12T17:59:06","slug":"boogaloo-you-gotta-have-freedom-maxi","status":"publish","type":"product","link":"https:\/\/freshgarbage.fi\/en\/product\/boogaloo-you-gotta-have-freedom-maxi\/","title":{"rendered":"Boogaloo \u2013 You Gotta Have Freedom MAXI"},"content":{"rendered":"","protected":false},"excerpt":{"rendered":"<p>Alkuper\u00e4inen painos. Hieman kevytt\u00e4 j\u00e4lke\u00e4, soi hyvin. Geneerinen kansi.<\/p>\n<p>A1 You Gotta Have Freedom (Vocal)<br \/>\nA2 Dig! (Salsa Hip Hop Mix)<br \/>\nB You Gotta Have Freedom (Instrumental)<\/p>\n","protected":false},"featured_media":81702,"template":"","meta":{"_acf_changed":false},"product_brand":[],"product_cat":[127],"product_tag":[],"class_list":{"0":"post-80782","1":"product","2":"type-product","3":"status-publish","4":"has-post-thumbnail","6":"product_cat-electronic-en","7":"pa_formaatti-12-en","8":"pa_kaytetty-uusi-2nd-hand","10":"first","11":"instock","12":"shipping-taxable","13":"purchasable","14":"product-type-simple"},"acf":[],"_links":{"self":[{"href":"https:\/\/freshgarbage.fi\/en\/wp-json\/wp\/v2\/product\/80782","targetHints":{"allow":["GET"]}}],"collection":[{"href":"https:\/\/freshgarbage.fi\/en\/wp-json\/wp\/v2\/product"}],"about":[{"href":"https:\/\/freshgarbage.fi\/en\/wp-json\/wp\/v2\/types\/product"}],"wp:featuredmedia":[{"embeddable":true,"href":"https:\/\/freshgarbage.fi\/en\/wp-json\/wp\/v2\/media\/81702"}],"wp:attachment":[{"href":"https:\/\/freshgarbage.fi\/en\/wp-json\/wp\/v2\/media?parent=80782"}],"wp:term":[{"taxonomy":"product_brand","embeddable":true,"href":"https:\/\/freshgarbage.fi\/en\/wp-json\/wp\/v2\/product_brand?post=80782"},{"taxonomy":"product_cat","embeddable":true,"href":"https:\/\/freshgarbage.fi\/en\/wp-json\/wp\/v2\/product_cat?post=80782"},{"taxonomy":"product_tag","embeddable":true,"href":"https:\/\/freshgarbage.fi\/en\/wp-json\/wp\/v2\/product_tag?post=80782"}],"curies":[{"name":"wp","href":"https:\/\/api.w.org\/{rel}","templated":true}]}}