{"id":80776,"date":"2026-02-10T13:00:00","date_gmt":"2026-02-10T11:00:00","guid":{"rendered":"https:\/\/freshgarbage.fi\/?post_type=product&#038;p=80776"},"modified":"2026-02-10T13:03:41","modified_gmt":"2026-02-10T11:03:41","slug":"melvins-lustmord-pigs-of-the-roman-empire","status":"publish","type":"product","link":"https:\/\/freshgarbage.fi\/en\/product\/melvins-lustmord-pigs-of-the-roman-empire\/","title":{"rendered":"Melvins + Lustmord \u2013 Pigs Of The Roman Empire"},"content":{"rendered":"","protected":false},"excerpt":{"rendered":"<p>2LP. Alkuper\u00e4inen US-painos.<\/p>\n<p>Levyiss\u00e4 ei n\u00e4y mit\u00e4\u00e4n kovin ihmeellisi\u00e4 j\u00e4lki\u00e4, mutta silti joitakin yksitt\u00e4isi\u00e4 napsuja mukana. Saattaa johtua huonosta pr\u00e4ssist\u00e4.<\/p>\n","protected":false},"featured_media":81694,"template":"","meta":{"_acf_changed":false},"product_brand":[],"product_cat":[126,134],"product_tag":[],"class_list":{"0":"post-80776","1":"product","2":"type-product","3":"status-publish","4":"has-post-thumbnail","6":"product_cat-experimental-ambient-noise-contemporary-classical","7":"product_cat-stoner-doom-en","8":"pa_formaatti-lp-en","9":"pa_kaytetty-uusi-2nd-hand","11":"first","12":"instock","13":"shipping-taxable","14":"purchasable","15":"product-type-simple"},"acf":[],"_links":{"self":[{"href":"https:\/\/freshgarbage.fi\/en\/wp-json\/wp\/v2\/product\/80776","targetHints":{"allow":["GET"]}}],"collection":[{"href":"https:\/\/freshgarbage.fi\/en\/wp-json\/wp\/v2\/product"}],"about":[{"href":"https:\/\/freshgarbage.fi\/en\/wp-json\/wp\/v2\/types\/product"}],"wp:featuredmedia":[{"embeddable":true,"href":"https:\/\/freshgarbage.fi\/en\/wp-json\/wp\/v2\/media\/81694"}],"wp:attachment":[{"href":"https:\/\/freshgarbage.fi\/en\/wp-json\/wp\/v2\/media?parent=80776"}],"wp:term":[{"taxonomy":"product_brand","embeddable":true,"href":"https:\/\/freshgarbage.fi\/en\/wp-json\/wp\/v2\/product_brand?post=80776"},{"taxonomy":"product_cat","embeddable":true,"href":"https:\/\/freshgarbage.fi\/en\/wp-json\/wp\/v2\/product_cat?post=80776"},{"taxonomy":"product_tag","embeddable":true,"href":"https:\/\/freshgarbage.fi\/en\/wp-json\/wp\/v2\/product_tag?post=80776"}],"curies":[{"name":"wp","href":"https:\/\/api.w.org\/{rel}","templated":true}]}}