{"id":80768,"date":"2026-01-27T12:00:28","date_gmt":"2026-01-27T10:00:28","guid":{"rendered":"https:\/\/freshgarbage.fi\/tuote\/bob-hund-det-overexponerade-gomstallet\/"},"modified":"2026-03-07T15:58:42","modified_gmt":"2026-03-07T13:58:42","slug":"bob-hund-det-overexponerade-gomstallet","status":"publish","type":"product","link":"https:\/\/freshgarbage.fi\/en\/product\/bob-hund-det-overexponerade-gomstallet\/","title":{"rendered":"bob hund \u2013 Det \u00d6verexponerade G\u00f6mst\u00e4llet"},"content":{"rendered":"","protected":false},"excerpt":{"rendered":"<p>A1 bob hund 2020<br \/>\nA2 Tv\u00e5ngstankar<br \/>\nA3 Stumfilm<br \/>\nA4 Det \u00d6verexponerade G\u00f6mst\u00e4llet<br \/>\nA5 Nu Finns Det Bevis<br \/>\nB1 Pops\u00e5ng (Mot Min Vilja)<br \/>\nB2 Lite Av Varje F\u00f6r Ingen<br \/>\nB3 Letar Ov\u00e4der<br \/>\nB4 Ja, Ja, Ja, Nej<br \/>\nB5 I Hamnens \u00d6ga<\/p>\n","protected":false},"featured_media":77700,"template":"","meta":{"_acf_changed":false},"product_brand":[],"product_cat":[130,107],"product_tag":[],"class_list":{"0":"post-80768","1":"product","2":"type-product","3":"status-publish","4":"has-post-thumbnail","6":"product_cat-alternative-indie-rock","7":"product_cat-new","8":"pa_formaatti-lp-en","9":"pa_kaytetty-uusi-new","11":"first","12":"instock","13":"taxable","14":"shipping-taxable","15":"purchasable","16":"product-type-simple"},"acf":[],"_links":{"self":[{"href":"https:\/\/freshgarbage.fi\/en\/wp-json\/wp\/v2\/product\/80768","targetHints":{"allow":["GET"]}}],"collection":[{"href":"https:\/\/freshgarbage.fi\/en\/wp-json\/wp\/v2\/product"}],"about":[{"href":"https:\/\/freshgarbage.fi\/en\/wp-json\/wp\/v2\/types\/product"}],"wp:featuredmedia":[{"embeddable":true,"href":"https:\/\/freshgarbage.fi\/en\/wp-json\/wp\/v2\/media\/77700"}],"wp:attachment":[{"href":"https:\/\/freshgarbage.fi\/en\/wp-json\/wp\/v2\/media?parent=80768"}],"wp:term":[{"taxonomy":"product_brand","embeddable":true,"href":"https:\/\/freshgarbage.fi\/en\/wp-json\/wp\/v2\/product_brand?post=80768"},{"taxonomy":"product_cat","embeddable":true,"href":"https:\/\/freshgarbage.fi\/en\/wp-json\/wp\/v2\/product_cat?post=80768"},{"taxonomy":"product_tag","embeddable":true,"href":"https:\/\/freshgarbage.fi\/en\/wp-json\/wp\/v2\/product_tag?post=80768"}],"curies":[{"name":"wp","href":"https:\/\/api.w.org\/{rel}","templated":true}]}}