{"id":80767,"date":"2026-01-27T12:00:32","date_gmt":"2026-01-27T10:00:32","guid":{"rendered":"https:\/\/freshgarbage.fi\/tuote\/teini-paa-uusi-vuosi\/"},"modified":"2026-04-04T15:43:02","modified_gmt":"2026-04-04T12:43:02","slug":"teini-paa-uusi-vuosi","status":"publish","type":"product","link":"https:\/\/freshgarbage.fi\/en\/product\/teini-paa-uusi-vuosi\/","title":{"rendered":"Teini-P\u00e4\u00e4 \u2013 Uusi Vuosi"},"content":{"rendered":"","protected":false},"excerpt":{"rendered":"<p>Luvassa on Teini-P\u00e4\u00e4n t\u00e4h\u00e4n menness\u00e4 monipuolisin ja viimeistellyin kokonaisuus, jolla kuullaan energisten popkappaleiden ja tarttuvien kitaramelodioiden lis\u00e4ksi my\u00f6s riisutumpia sovituksia ja tummempia s\u00e4vyj\u00e4. Levy on tuotettu yhteisty\u00f6ss\u00e4 Lauri Elorannan kanssa, ja yhtye kertoo viett\u00e4neens\u00e4 sen parissa aiempia julkaisuja enemm\u00e4n aikaa.<br \/>\n\u201cOlemme julkaisseet musiikkia ahkerasti, mutta kolmannen pitk\u00e4soiton kohdalla halusimme ottaa enemm\u00e4n aikaa ja antaa ajatusten kypsy\u00e4 rauhassa. Se taisi olla hyv\u00e4 p\u00e4\u00e4t\u00f6s, sill\u00e4 biisej\u00e4 syntyikin runsaasti, ja valikoimme ja sovitimme niit\u00e4 jo ennen studioon menoa. Studiossa vietimme aiempaa enemm\u00e4n aikaa, ja tuotantoa on viety pidemm\u00e4lle kuin edellisill\u00e4 levyill\u00e4. Mukana on esimerkiksi ensimm\u00e4ist\u00e4 kertaa jousisovituksia.\u201d<\/p>\n<p>Jousisoittajien lis\u00e4ksi levyll\u00e4 vierailee laulaja-lauluntekij\u00e4 Antti Autio. Levy\u00e4 tehdess\u00e4 b\u00e4ndin j\u00e4senien kuulokkeissa ovat soineet muun muassa MJ Lenderman, The Cure, Elliott Smith, Death Cab for Cutie ja Phoebe Bridgers.<\/p>\n<p>Kappaleissa k\u00e4sitell\u00e4\u00e4n Teini-P\u00e4\u00e4n aiemmasta tuotannosta tuttuja teemoja: ihmissuhteita, yhteytt\u00e4 muihin, yksin\u00e4isyytt\u00e4, keskener\u00e4isyytt\u00e4 ja yst\u00e4vyytt\u00e4. Sanoituksissa tekee v\u00e4lill\u00e4 kipe\u00e4\u00e4 ja niiss\u00e4 menn\u00e4\u00e4n aiempaa syvemm\u00e4lle. Toisaalta iloa ja toiveikkuuttakin on. Usean eri kirjoittajan kappaleet muodostavat ehe\u00e4n kokonaisuuden, jonka osia yhdist\u00e4v\u00e4t herkkyys, rehellisyys ja samaistuttavat havainnot ihmisel\u00e4m\u00e4st\u00e4.<\/p>\n<p>\u201cIhmissuhteiden merkitys korostuu, kun el\u00e4mme yhteiskunnallisesti vaikeita ja ep\u00e4varmoja aikoja. Kun turvallisuuden tunne j\u00e4rkkyy, on t\u00e4rke\u00e4\u00e4 l\u00f6yt\u00e4\u00e4 yhteys toisiin ja rakentaa yhteis\u00f6llisyytt\u00e4. Meille on ollut luontevaa k\u00e4sitell\u00e4 n\u00e4it\u00e4 ajatuksia musiikin kautta.\u201d<\/p>\n<p>Uusi vuosi -albumi julkaistaan digin\u00e4, CD:n\u00e4 ja vinyylin\u00e4. Spotifyyn se ei kuitenkaan tule. Boikotin syyn\u00e4 on yhti\u00f6n ep\u00e4reilu maksupolitiikka ja sen johdon sotateollisuuteen tekem\u00e4t sijoitukset. Teini-P\u00e4\u00e4 haluaa her\u00e4tt\u00e4\u00e4 keskustelua musiikin kertak\u00e4ytt\u00f6kulttuurista ja uskoo, ett\u00e4 parempi maailma on mahdollinen. Yhtyeen juuret ovat punkissa ja tee-se-itse -kulttuurissa, ja n\u00e4it\u00e4 yhteis\u00f6llisi\u00e4 arvoja se haluaa my\u00f6s omalla toiminnallaan pit\u00e4\u00e4 esill\u00e4.<\/p>\n<p>1. Aaveet<br \/>\n2. Oisin halunnut kertoo siit\u00e4 sulle<br \/>\n3. Menneen talven lumet ft. Antti Autio<br \/>\n4. Haluisin kirjoittaa<br \/>\n5. Valssi #1<br \/>\n6. Miksei se voi pys\u00e4hty\u00e4<br \/>\n7. Enkelten kaupungissa<br \/>\n8. Kynsinauhat<br \/>\n9. Kerran el\u00e4m\u00e4ss\u00e4<br \/>\n10. Uusi vuosi<br \/>\n11. Meduusa<br \/>\n12. Pid\u00e4n siit\u00e4 tunteesta<\/p>\n","protected":false},"featured_media":77694,"template":"","meta":{"_acf_changed":false},"product_brand":[],"product_cat":[120,107,114],"product_tag":[],"class_list":{"0":"post-80767","1":"product","2":"type-product","3":"status-publish","4":"has-post-thumbnail","6":"product_cat-finnish","7":"product_cat-new","8":"product_cat-punk-hardcore-psychobilly-en","9":"pa_formaatti-lp-en","10":"pa_kaytetty-uusi-new","12":"first","13":"instock","14":"taxable","15":"shipping-taxable","16":"purchasable","17":"product-type-simple"},"acf":[],"_links":{"self":[{"href":"https:\/\/freshgarbage.fi\/en\/wp-json\/wp\/v2\/product\/80767","targetHints":{"allow":["GET"]}}],"collection":[{"href":"https:\/\/freshgarbage.fi\/en\/wp-json\/wp\/v2\/product"}],"about":[{"href":"https:\/\/freshgarbage.fi\/en\/wp-json\/wp\/v2\/types\/product"}],"wp:featuredmedia":[{"embeddable":true,"href":"https:\/\/freshgarbage.fi\/en\/wp-json\/wp\/v2\/media\/77694"}],"wp:attachment":[{"href":"https:\/\/freshgarbage.fi\/en\/wp-json\/wp\/v2\/media?parent=80767"}],"wp:term":[{"taxonomy":"product_brand","embeddable":true,"href":"https:\/\/freshgarbage.fi\/en\/wp-json\/wp\/v2\/product_brand?post=80767"},{"taxonomy":"product_cat","embeddable":true,"href":"https:\/\/freshgarbage.fi\/en\/wp-json\/wp\/v2\/product_cat?post=80767"},{"taxonomy":"product_tag","embeddable":true,"href":"https:\/\/freshgarbage.fi\/en\/wp-json\/wp\/v2\/product_tag?post=80767"}],"curies":[{"name":"wp","href":"https:\/\/api.w.org\/{rel}","templated":true}]}}