{"id":80758,"date":"2026-02-27T11:45:05","date_gmt":"2026-02-27T09:45:05","guid":{"rendered":"https:\/\/freshgarbage.fi\/?post_type=product&#038;p=80758"},"modified":"2026-02-27T11:45:48","modified_gmt":"2026-02-27T09:45:48","slug":"jimmy-smith-confirmation","status":"publish","type":"product","link":"https:\/\/freshgarbage.fi\/en\/product\/jimmy-smith-confirmation\/","title":{"rendered":"Jimmy Smith \u2013 Confirmation"},"content":{"rendered":"","protected":false},"excerpt":{"rendered":"<p>Levyn \u00e4\u00e4nitysten ensijulkaisu. B-puolella pari harmaata aluetta, ett\u00e4 mutta soi ongelmitta.<\/p>\n<p>A1 What Is This Thing Called Love 15:13<br \/>\nA2 Confirmation 10:31<br \/>\nB Cherokee 20:20<\/p>\n<p>Recorded at Manhattan Towers, New York City.<br \/>\n&#8216;Confirmation&#8217; recorded on February 25, 1958. All other tunes recorded on August 25, 1957.<\/p>\n","protected":false},"featured_media":82628,"template":"","meta":{"_acf_changed":false},"product_brand":[],"product_cat":[122],"product_tag":[],"class_list":{"0":"post-80758","1":"product","2":"type-product","3":"status-publish","4":"has-post-thumbnail","6":"product_cat-jazz-fusion-en","7":"pa_formaatti-lp-en","8":"pa_kaytetty-uusi-2nd-hand","10":"first","11":"instock","12":"shipping-taxable","13":"purchasable","14":"product-type-simple"},"acf":[],"_links":{"self":[{"href":"https:\/\/freshgarbage.fi\/en\/wp-json\/wp\/v2\/product\/80758","targetHints":{"allow":["GET"]}}],"collection":[{"href":"https:\/\/freshgarbage.fi\/en\/wp-json\/wp\/v2\/product"}],"about":[{"href":"https:\/\/freshgarbage.fi\/en\/wp-json\/wp\/v2\/types\/product"}],"wp:featuredmedia":[{"embeddable":true,"href":"https:\/\/freshgarbage.fi\/en\/wp-json\/wp\/v2\/media\/82628"}],"wp:attachment":[{"href":"https:\/\/freshgarbage.fi\/en\/wp-json\/wp\/v2\/media?parent=80758"}],"wp:term":[{"taxonomy":"product_brand","embeddable":true,"href":"https:\/\/freshgarbage.fi\/en\/wp-json\/wp\/v2\/product_brand?post=80758"},{"taxonomy":"product_cat","embeddable":true,"href":"https:\/\/freshgarbage.fi\/en\/wp-json\/wp\/v2\/product_cat?post=80758"},{"taxonomy":"product_tag","embeddable":true,"href":"https:\/\/freshgarbage.fi\/en\/wp-json\/wp\/v2\/product_tag?post=80758"}],"curies":[{"name":"wp","href":"https:\/\/api.w.org\/{rel}","templated":true}]}}