{"id":80731,"date":"2026-01-29T11:45:47","date_gmt":"2026-01-29T09:45:47","guid":{"rendered":"https:\/\/freshgarbage.fi\/tuote\/neil-young-2-originals-of-neil-young\/"},"modified":"2026-02-03T07:52:49","modified_gmt":"2026-02-03T05:52:49","slug":"neil-young-2-originals-of-neil-young","status":"publish","type":"product","link":"https:\/\/freshgarbage.fi\/en\/product\/neil-young-2-originals-of-neil-young\/","title":{"rendered":"Neil Young \u2013 2 Originals Of Neil Young"},"content":{"rendered":"","protected":false},"excerpt":{"rendered":"<p>2 LP. Re-issue of the albums &#8216;Neil Young&#8217; and &#8216;Everybody Knows This Is Nowhere&#8217;.<\/p>\n<p>Kannessa hieman reunakulumaa ja pient\u00e4 hintalapun j\u00e4lke\u00e4 etukannessa.<\/p>\n","protected":false},"featured_media":77982,"template":"","meta":{"_acf_changed":false},"product_brand":[],"product_cat":[116],"product_tag":[],"class_list":{"0":"post-80731","1":"product","2":"type-product","3":"status-publish","4":"has-post-thumbnail","6":"product_cat-rock-pop-en","7":"pa_formaatti-lp-en","8":"pa_kaytetty-uusi-2nd-hand","10":"first","11":"instock","12":"shipping-taxable","13":"purchasable","14":"product-type-simple"},"acf":[],"_links":{"self":[{"href":"https:\/\/freshgarbage.fi\/en\/wp-json\/wp\/v2\/product\/80731","targetHints":{"allow":["GET"]}}],"collection":[{"href":"https:\/\/freshgarbage.fi\/en\/wp-json\/wp\/v2\/product"}],"about":[{"href":"https:\/\/freshgarbage.fi\/en\/wp-json\/wp\/v2\/types\/product"}],"wp:featuredmedia":[{"embeddable":true,"href":"https:\/\/freshgarbage.fi\/en\/wp-json\/wp\/v2\/media\/77982"}],"wp:attachment":[{"href":"https:\/\/freshgarbage.fi\/en\/wp-json\/wp\/v2\/media?parent=80731"}],"wp:term":[{"taxonomy":"product_brand","embeddable":true,"href":"https:\/\/freshgarbage.fi\/en\/wp-json\/wp\/v2\/product_brand?post=80731"},{"taxonomy":"product_cat","embeddable":true,"href":"https:\/\/freshgarbage.fi\/en\/wp-json\/wp\/v2\/product_cat?post=80731"},{"taxonomy":"product_tag","embeddable":true,"href":"https:\/\/freshgarbage.fi\/en\/wp-json\/wp\/v2\/product_tag?post=80731"}],"curies":[{"name":"wp","href":"https:\/\/api.w.org\/{rel}","templated":true}]}}