{"id":80729,"date":"2026-01-29T11:45:54","date_gmt":"2026-01-29T09:45:54","guid":{"rendered":"https:\/\/freshgarbage.fi\/tuote\/odd-man-out-odd-man-out\/"},"modified":"2026-02-03T07:52:47","modified_gmt":"2026-02-03T05:52:47","slug":"odd-man-out-odd-man-out","status":"publish","type":"product","link":"https:\/\/freshgarbage.fi\/en\/product\/odd-man-out-odd-man-out\/","title":{"rendered":"Odd Man Out \u2013 Odd Man Out"},"content":{"rendered":"","protected":false},"excerpt":{"rendered":"<p>Alkuper\u00e4inen Eurooppa-painos. L\u00e4pin\u00e4kyv\u00e4 levy.<\/p>\n<p>This release is their discography so far, containing songs from both their 7&#8243;s and tape as well as four new tracks exclusive to this release and three covers never officially released.<\/p>\n<p>A1 Party Line<br \/>\nA2 The Stomp II<br \/>\nA3 Unbreakable<br \/>\nA4 Your Debt<br \/>\nA5 Judged<br \/>\nA6 Won&#8217;t Be Silenced<br \/>\nA7 Now You Pay<br \/>\nA8 The Stomp<br \/>\nA9 Face It<br \/>\nB1 New Blood<br \/>\nB2 Hustle<br \/>\nB3 Is It<br \/>\nB4 I Object<br \/>\nB5 Sold Out<br \/>\nB6 Odd Man Out<br \/>\nB7 To The Point<br \/>\nB8 XXX<br \/>\nB9 Over My Shoulde<br \/>\nB10 Pound For Pund<\/p>\n","protected":false},"featured_media":77951,"template":"","meta":{"_acf_changed":false},"product_brand":[],"product_cat":[114],"product_tag":[],"class_list":{"0":"post-80729","1":"product","2":"type-product","3":"status-publish","4":"has-post-thumbnail","6":"product_cat-punk-hardcore-psychobilly-en","7":"pa_formaatti-lp-en","8":"pa_kaytetty-uusi-2nd-hand","10":"first","11":"instock","12":"shipping-taxable","13":"purchasable","14":"product-type-simple"},"acf":[],"_links":{"self":[{"href":"https:\/\/freshgarbage.fi\/en\/wp-json\/wp\/v2\/product\/80729","targetHints":{"allow":["GET"]}}],"collection":[{"href":"https:\/\/freshgarbage.fi\/en\/wp-json\/wp\/v2\/product"}],"about":[{"href":"https:\/\/freshgarbage.fi\/en\/wp-json\/wp\/v2\/types\/product"}],"wp:featuredmedia":[{"embeddable":true,"href":"https:\/\/freshgarbage.fi\/en\/wp-json\/wp\/v2\/media\/77951"}],"wp:attachment":[{"href":"https:\/\/freshgarbage.fi\/en\/wp-json\/wp\/v2\/media?parent=80729"}],"wp:term":[{"taxonomy":"product_brand","embeddable":true,"href":"https:\/\/freshgarbage.fi\/en\/wp-json\/wp\/v2\/product_brand?post=80729"},{"taxonomy":"product_cat","embeddable":true,"href":"https:\/\/freshgarbage.fi\/en\/wp-json\/wp\/v2\/product_cat?post=80729"},{"taxonomy":"product_tag","embeddable":true,"href":"https:\/\/freshgarbage.fi\/en\/wp-json\/wp\/v2\/product_tag?post=80729"}],"curies":[{"name":"wp","href":"https:\/\/api.w.org\/{rel}","templated":true}]}}