{"id":80709,"date":"2026-01-30T09:55:29","date_gmt":"2026-01-30T07:55:29","guid":{"rendered":"https:\/\/freshgarbage.fi\/tuote\/felix-alexander-lybeck-amator\/"},"modified":"2026-03-12T12:54:16","modified_gmt":"2026-03-12T10:54:16","slug":"felix-alexander-lybeck-amator","status":"publish","type":"product","link":"https:\/\/freshgarbage.fi\/en\/product\/felix-alexander-lybeck-amator\/","title":{"rendered":"Felix Alexander Lybeck \u2013 (amat\u00f6r)"},"content":{"rendered":"","protected":false},"excerpt":{"rendered":"<p>Felix Alexander Lybeck tunnetaan kotimaisen indierock-yhtye Bad Saunan keskeisen\u00e4 lauluntekij\u00e4n\u00e4 sek\u00e4 folk-henkisest\u00e4 sooloprojektistaan Kuuhullu.<\/p>\n<p>Uudella albumillaan (amat\u00f6r) Lybeck k\u00e4\u00e4ntyy viel\u00e4 syvemm\u00e4lle sis\u00e4\u00e4np\u00e4in ja esittelee musiikkinsa intiimeimm\u00e4n, kokeellisimman ja henkil\u00f6kohtaisimman puolen.<\/p>\n<p>(amat\u00f6r) on yht\u00e4 aikaa rakkauslevy ja tutkimusmatka: se on omistettu ihmisille, luonnolle, kaupungeille, musiikille, mielikuvitukselle \u2013 ja sille v\u00e4litilalle, jossa identiteetti on jatkuvasti liikkeess\u00e4. Albumi liikkuu elektroakustisen folkin, indie-herkkyyden ja kokeellisen \u00e4\u00e4nitaiteen rajapinnassa. Kentt\u00e4-\u00e4\u00e4nitykset, rumpukoneet, piano ja kerroksellinen laulu muodostavat orgaanisen mutta unenomaisen kokonaisuuden, jossa hiljaisuus ja tila ovat yht\u00e4 t\u00e4rkeit\u00e4 kuin melodia.<\/p>\n<p>Vaikka (amat\u00f6r) on Lybeckin ensimm\u00e4inen ruotsinkielinen albumi, kieli ei ole levyn varsinainen teema. Musiikki nojaa ennen kaikkea tunnelmaan ja l\u00e4sn\u00e4oloon \u2013 siihen milt\u00e4 hetki tuntuu, ei siihen mill\u00e4 kielell\u00e4 se kerrotaan. Albumissa soi pohjoisen mets\u00e4n hiljaisuus ja maanl\u00e4heisyys, mutta my\u00f6s kaupunkien rytmi ja kokeileva vapaus. Lopputulos on yht\u00e4 aikaa lempe\u00e4, outo ja ajaton.<\/p>\n<p>Levyn nimi (amat\u00f6r) viittaa tietoisesti ei-tiet\u00e4miseen: haluun s\u00e4ilytt\u00e4\u00e4 musiikinteossa leikki, keskener\u00e4isyys ja avoimuus. Lybeck on tehnyt albumin kokonaan itse, ilman ulkopuolisia tavoitteita tai paineita \u2013 ja juuri t\u00e4m\u00e4 kuuluu levyn rehellisyydess\u00e4.<\/p>\n<p>1. ta med gitarren till platsen, du!! (freestyle)<br \/>\n2. sl\u00e4par allting hem<br \/>\n3. du&amp;jaghelav\u00e4rlden<br \/>\n4. \u00f6msam<br \/>\n5. namnl\u00f6s#1 (tid+rum)<br \/>\n6. \u2014-&gt; (f\u00f6rs)vinner<br \/>\n7. 100m final<br \/>\n8. tar vi aldrig slut<br \/>\n9. jag \u00e4r van med oljud<br \/>\n10. hur det \u00e4n blir<\/p>\n","protected":false},"featured_media":78042,"template":"","meta":{"_acf_changed":false},"product_brand":[],"product_cat":[126,120,107],"product_tag":[],"class_list":{"0":"post-80709","1":"product","2":"type-product","3":"status-publish","4":"has-post-thumbnail","6":"product_cat-experimental-ambient-noise-contemporary-classical","7":"product_cat-finnish","8":"product_cat-new","9":"pa_formaatti-lp-en","10":"pa_kaytetty-uusi-new","12":"first","13":"instock","14":"taxable","15":"shipping-taxable","16":"purchasable","17":"product-type-simple"},"acf":[],"_links":{"self":[{"href":"https:\/\/freshgarbage.fi\/en\/wp-json\/wp\/v2\/product\/80709","targetHints":{"allow":["GET"]}}],"collection":[{"href":"https:\/\/freshgarbage.fi\/en\/wp-json\/wp\/v2\/product"}],"about":[{"href":"https:\/\/freshgarbage.fi\/en\/wp-json\/wp\/v2\/types\/product"}],"wp:featuredmedia":[{"embeddable":true,"href":"https:\/\/freshgarbage.fi\/en\/wp-json\/wp\/v2\/media\/78042"}],"wp:attachment":[{"href":"https:\/\/freshgarbage.fi\/en\/wp-json\/wp\/v2\/media?parent=80709"}],"wp:term":[{"taxonomy":"product_brand","embeddable":true,"href":"https:\/\/freshgarbage.fi\/en\/wp-json\/wp\/v2\/product_brand?post=80709"},{"taxonomy":"product_cat","embeddable":true,"href":"https:\/\/freshgarbage.fi\/en\/wp-json\/wp\/v2\/product_cat?post=80709"},{"taxonomy":"product_tag","embeddable":true,"href":"https:\/\/freshgarbage.fi\/en\/wp-json\/wp\/v2\/product_tag?post=80709"}],"curies":[{"name":"wp","href":"https:\/\/api.w.org\/{rel}","templated":true}]}}