{"id":80707,"date":"2026-03-13T12:15:14","date_gmt":"2026-03-13T10:15:14","guid":{"rendered":"https:\/\/freshgarbage.fi\/tuote\/heikki-kuula-isat\/"},"modified":"2026-03-13T12:31:53","modified_gmt":"2026-03-13T10:31:53","slug":"heikki-kuula-isat","status":"publish","type":"product","link":"https:\/\/freshgarbage.fi\/en\/product\/heikki-kuula-isat\/","title":{"rendered":"Heikki Kuula \u2013 Is\u00e4t"},"content":{"rendered":"","protected":false},"excerpt":{"rendered":"<p>Uuden levyn nimi on Is\u00e4t. Se on albumi isyydest\u00e4 \u2014 ei biologisena projektina, vaan henkisen\u00e4 jatkumona. Kunnianosoitus niille faijoille, opettajille, tekij\u00f6ille ja taiteilijoille, joiden hartioilta on ollut mahdollista ponnistaa eteenp\u00e4in. Samalla levy kertoo siit\u00e4, miten 43-vuotiaana on alkanut n\u00e4hd\u00e4 itsens\u00e4kin yhten\u00e4 niist\u00e4 tyypeist\u00e4, joiden varaan seuraavat voivat rakentaa oman juttunsa. Teema n\u00e4kyy my\u00f6s suoraan kannessa: levyn kansikuvassa on Heikki Kuulan is\u00e4, ennen ja nyt.<\/p>\n<p>A-puoli<br \/>\n1. Uusi is\u00e4 feat. Mara Balls<br \/>\n2. Hei hei muru!<br \/>\n3. Paska maa feat. Raappana &amp; Rautaperse<br \/>\n4. Ota tai j\u00e4t\u00e4<br \/>\n5. Ongelmii<\/p>\n<p>B-puoli<br \/>\n1. Peter Pan<br \/>\n2. Is\u00e4n hyv\u00e4 tytt\u00f6 feat. Kauko R\u00f6yhk\u00e4<br \/>\n3. Luolamies feat. Jouni Hynynen<br \/>\n4. Sopivat keng\u00e4t feat. Kasii<br \/>\n5. Viimeinen rokkit\u00e4hti feat. Tumppi Varonen<\/p>\n","protected":false},"featured_media":78083,"template":"","meta":{"_acf_changed":false},"product_brand":[],"product_cat":[120,123,107],"product_tag":[],"class_list":{"0":"post-80707","1":"product","2":"type-product","3":"status-publish","4":"has-post-thumbnail","6":"product_cat-finnish","7":"product_cat-hip-hop-rap-en","8":"product_cat-new","9":"pa_formaatti-lp-en","10":"pa_kaytetty-uusi-new","12":"first","13":"instock","14":"taxable","15":"shipping-taxable","16":"purchasable","17":"product-type-simple"},"acf":[],"_links":{"self":[{"href":"https:\/\/freshgarbage.fi\/en\/wp-json\/wp\/v2\/product\/80707","targetHints":{"allow":["GET"]}}],"collection":[{"href":"https:\/\/freshgarbage.fi\/en\/wp-json\/wp\/v2\/product"}],"about":[{"href":"https:\/\/freshgarbage.fi\/en\/wp-json\/wp\/v2\/types\/product"}],"wp:featuredmedia":[{"embeddable":true,"href":"https:\/\/freshgarbage.fi\/en\/wp-json\/wp\/v2\/media\/78083"}],"wp:attachment":[{"href":"https:\/\/freshgarbage.fi\/en\/wp-json\/wp\/v2\/media?parent=80707"}],"wp:term":[{"taxonomy":"product_brand","embeddable":true,"href":"https:\/\/freshgarbage.fi\/en\/wp-json\/wp\/v2\/product_brand?post=80707"},{"taxonomy":"product_cat","embeddable":true,"href":"https:\/\/freshgarbage.fi\/en\/wp-json\/wp\/v2\/product_cat?post=80707"},{"taxonomy":"product_tag","embeddable":true,"href":"https:\/\/freshgarbage.fi\/en\/wp-json\/wp\/v2\/product_tag?post=80707"}],"curies":[{"name":"wp","href":"https:\/\/api.w.org\/{rel}","templated":true}]}}