{"id":80595,"date":"2026-03-17T11:45:15","date_gmt":"2026-03-17T09:45:15","guid":{"rendered":"https:\/\/freshgarbage.fi\/?post_type=product&#038;p=80595"},"modified":"2026-03-17T11:46:51","modified_gmt":"2026-03-17T09:46:51","slug":"eppu-normaali-valkoinen-kupla","status":"publish","type":"product","link":"https:\/\/freshgarbage.fi\/en\/product\/eppu-normaali-valkoinen-kupla\/","title":{"rendered":"Eppu Normaali \u2013 Valkoinen Kupla"},"content":{"rendered":"","protected":false},"excerpt":{"rendered":"<p>Kohokuvioidulla kiilt\u00e4v\u00e4ll\u00e4 kannella. Liite puuttuu, alkuper\u00e4inen sis\u00e4pussi mukana.<\/p>\n<p>Hieman kevytt\u00e4 j\u00e4lke\u00e4, soi hienosti.<\/p>\n","protected":false},"featured_media":83667,"template":"","meta":{"_acf_changed":false},"product_brand":[],"product_cat":[120],"product_tag":[],"class_list":{"0":"post-80595","1":"product","2":"type-product","3":"status-publish","4":"has-post-thumbnail","6":"product_cat-finnish","7":"pa_formaatti-lp-en","8":"pa_kaytetty-uusi-2nd-hand","10":"first","11":"instock","12":"shipping-taxable","13":"purchasable","14":"product-type-simple"},"acf":[],"_links":{"self":[{"href":"https:\/\/freshgarbage.fi\/en\/wp-json\/wp\/v2\/product\/80595","targetHints":{"allow":["GET"]}}],"collection":[{"href":"https:\/\/freshgarbage.fi\/en\/wp-json\/wp\/v2\/product"}],"about":[{"href":"https:\/\/freshgarbage.fi\/en\/wp-json\/wp\/v2\/types\/product"}],"wp:featuredmedia":[{"embeddable":true,"href":"https:\/\/freshgarbage.fi\/en\/wp-json\/wp\/v2\/media\/83667"}],"wp:attachment":[{"href":"https:\/\/freshgarbage.fi\/en\/wp-json\/wp\/v2\/media?parent=80595"}],"wp:term":[{"taxonomy":"product_brand","embeddable":true,"href":"https:\/\/freshgarbage.fi\/en\/wp-json\/wp\/v2\/product_brand?post=80595"},{"taxonomy":"product_cat","embeddable":true,"href":"https:\/\/freshgarbage.fi\/en\/wp-json\/wp\/v2\/product_cat?post=80595"},{"taxonomy":"product_tag","embeddable":true,"href":"https:\/\/freshgarbage.fi\/en\/wp-json\/wp\/v2\/product_tag?post=80595"}],"curies":[{"name":"wp","href":"https:\/\/api.w.org\/{rel}","templated":true}]}}