{"id":80055,"date":"2026-03-13T11:45:41","date_gmt":"2026-03-13T09:45:41","guid":{"rendered":"https:\/\/freshgarbage.fi\/?post_type=product&#038;p=80055"},"modified":"2026-03-13T11:48:13","modified_gmt":"2026-03-13T09:48:13","slug":"various-propaganda-hardcore-83","status":"publish","type":"product","link":"https:\/\/freshgarbage.fi\/en\/product\/various-propaganda-hardcore-83\/","title":{"rendered":"Various \u2013 Propaganda &#8211; Hardcore &#8217;83"},"content":{"rendered":"","protected":false},"excerpt":{"rendered":"<p>Alkuper\u00e4inen painos.<\/p>\n<p>Reilusti j\u00e4lke\u00e4, mutta ei mit\u00e4\u00e4n erityisesti sormeen tuntuvaa. Hieman rahinaa ja kevytt\u00e4 r\u00e4psy\u00e4, mutta muuten soi mainiosti. Kannet kuluneet, mutta ehj\u00e4t.<\/p>\n<p>A1 Kansan Uutiset \u2013 Kauniita Unia 1:09<br \/>\nA2 Kansan Uutiset \u2013 Etusivun Juttu 1:01<br \/>\nA3 Kansan Uutiset \u2013 Koti, Uskonto, Is\u00e4nmaa 0:52<br \/>\nA4 Riistetyt \u2013 Totuus Esiin 0:50<br \/>\nA5 Riistetyt \u2013 Ei Henkiinj\u00e4\u00e4neit\u00e4 1:20<br \/>\nA6 Riistetyt \u2013 Systeemi Tappaa 1:25<br \/>\nA7 Riistetyt \u2013 Suuret Haluu Pelottaa 1:15<br \/>\nA8 Jakke &amp; Lateri \u2013 Kyt\u00e4t On Natsisikoja 0:47<br \/>\nA9-A10 \u00c4p\u00e4r\u00e4t \u2013 Vittu, Vanhemmat &#8211; Viina 2:45<br \/>\nA11 \u00c4p\u00e4r\u00e4t \u2013 Muttu On Aukialla 0:15<br \/>\nA12 Rattus \u2013 Paskantakaa Housuihinne 1:59<br \/>\nA13 Rattus \u2013 Laiskuutta 2:05<br \/>\nA14 Rattus \u2013 T\u00e4\u00e4lt\u00e4 Tullaan Kuolema 2:09<br \/>\nA15 Tampere SS \u2013 Kuollut Ja Kuopattu 0:58<br \/>\nA16 Tampere SS \u2013 Painajainen Olohuoneessa 1:47<br \/>\nA17 Protesti \u2013 Rockt\u00e4hdet 1:25<br \/>\nA18 Protesti \u2013 V\u00e4kivaltaa 0:36<br \/>\nA19 Alamaailma \u2013 N\u00e4yt\u00e4 Mulle Taivas 0:53<br \/>\nA20 Kuolema \u2013 \u00c4p\u00e4r\u00e4 0:29<br \/>\nB1 Bastards \u2013 No Scapegoat 0:58<br \/>\nB2 Bastards \u2013 Syyt\u00f6n 1:17<br \/>\nB3 Bastards \u2013 Sokea Viha 1:15<br \/>\nB4 Bastards \u2013 Lopun Alku 2:23<br \/>\nB5 H.I.C. Systeemi \u2013 Mainoslehtinen 1:48<br \/>\nB6 H.I.C. Systeemi \u2013 Itsetuho 2:22<br \/>\nB7 Fucking Finland \u2013 Loputon Sota 1:33<br \/>\nB8 Destrucktions \u2013 Hinta 1:42<br \/>\nB9 Marionetti \u2013 Turha Armeija 1:26<br \/>\nB10 Marionetti \u2013 Palvele Valtioo 1:31<br \/>\nB11 Maanalainen Pelastusarmeija \u2013 Oma Perse Palaa 1:42<br \/>\nB12 Sekunda \u2013 Propaganda 0:46<br \/>\nB13 Takuu \u2013 Olosuhteiden Uhrit 0:40<br \/>\nB14 Varaus \u2013 Tuomittu El\u00e4m\u00e4\u00e4n 2:28<br \/>\nB15 Varaus \u2013 Sota! 2:06<\/p>\n","protected":false},"featured_media":83495,"template":"","meta":{"_acf_changed":false},"product_brand":[],"product_cat":[120,114],"product_tag":[],"class_list":{"0":"post-80055","1":"product","2":"type-product","3":"status-publish","4":"has-post-thumbnail","6":"product_cat-finnish","7":"product_cat-punk-hardcore-psychobilly-en","8":"pa_formaatti-lp-en","9":"pa_kaytetty-uusi-2nd-hand","11":"first","12":"instock","13":"shipping-taxable","14":"purchasable","15":"product-type-simple"},"acf":[],"_links":{"self":[{"href":"https:\/\/freshgarbage.fi\/en\/wp-json\/wp\/v2\/product\/80055","targetHints":{"allow":["GET"]}}],"collection":[{"href":"https:\/\/freshgarbage.fi\/en\/wp-json\/wp\/v2\/product"}],"about":[{"href":"https:\/\/freshgarbage.fi\/en\/wp-json\/wp\/v2\/types\/product"}],"wp:featuredmedia":[{"embeddable":true,"href":"https:\/\/freshgarbage.fi\/en\/wp-json\/wp\/v2\/media\/83495"}],"wp:attachment":[{"href":"https:\/\/freshgarbage.fi\/en\/wp-json\/wp\/v2\/media?parent=80055"}],"wp:term":[{"taxonomy":"product_brand","embeddable":true,"href":"https:\/\/freshgarbage.fi\/en\/wp-json\/wp\/v2\/product_brand?post=80055"},{"taxonomy":"product_cat","embeddable":true,"href":"https:\/\/freshgarbage.fi\/en\/wp-json\/wp\/v2\/product_cat?post=80055"},{"taxonomy":"product_tag","embeddable":true,"href":"https:\/\/freshgarbage.fi\/en\/wp-json\/wp\/v2\/product_tag?post=80055"}],"curies":[{"name":"wp","href":"https:\/\/api.w.org\/{rel}","templated":true}]}}