{"id":79809,"date":"2024-09-02T11:30:13","date_gmt":"2024-09-02T08:30:13","guid":{"rendered":"https:\/\/freshgarbage.fi\/tuote\/the-ingram-kingdom-the-ingram-kingdom\/"},"modified":"2024-09-02T11:30:13","modified_gmt":"2024-09-02T08:30:13","slug":"the-ingram-kingdom-the-ingram-kingdom","status":"publish","type":"product","link":"https:\/\/freshgarbage.fi\/en\/product\/the-ingram-kingdom-the-ingram-kingdom\/","title":{"rendered":"The Ingram Kingdom \u2013 The Ingram Kingdom"},"content":{"rendered":"","protected":false},"excerpt":{"rendered":"<p>Alkuper\u00e4inen US-painos. Kannessa per\u00e4ti kaksi cut-out-poranreik\u00e4\u00e4, mutta muuten kaikinpuolin hieno kunto.<\/p>\n","protected":false},"featured_media":21785,"template":"","meta":{"_acf_changed":false},"product_brand":[],"product_cat":[132],"product_tag":[],"class_list":{"0":"post-79809","1":"product","2":"type-product","3":"status-publish","4":"has-post-thumbnail","6":"product_cat-soul-funk-disco-rnb-en","7":"pa_formaatti-lp-en","8":"pa_kaytetty-uusi-2nd-hand","10":"first","11":"instock","12":"shipping-taxable","13":"purchasable","14":"product-type-simple"},"acf":[],"_links":{"self":[{"href":"https:\/\/freshgarbage.fi\/en\/wp-json\/wp\/v2\/product\/79809","targetHints":{"allow":["GET"]}}],"collection":[{"href":"https:\/\/freshgarbage.fi\/en\/wp-json\/wp\/v2\/product"}],"about":[{"href":"https:\/\/freshgarbage.fi\/en\/wp-json\/wp\/v2\/types\/product"}],"wp:featuredmedia":[{"embeddable":true,"href":"https:\/\/freshgarbage.fi\/en\/wp-json\/wp\/v2\/media\/21785"}],"wp:attachment":[{"href":"https:\/\/freshgarbage.fi\/en\/wp-json\/wp\/v2\/media?parent=79809"}],"wp:term":[{"taxonomy":"product_brand","embeddable":true,"href":"https:\/\/freshgarbage.fi\/en\/wp-json\/wp\/v2\/product_brand?post=79809"},{"taxonomy":"product_cat","embeddable":true,"href":"https:\/\/freshgarbage.fi\/en\/wp-json\/wp\/v2\/product_cat?post=79809"},{"taxonomy":"product_tag","embeddable":true,"href":"https:\/\/freshgarbage.fi\/en\/wp-json\/wp\/v2\/product_tag?post=79809"}],"curies":[{"name":"wp","href":"https:\/\/api.w.org\/{rel}","templated":true}]}}