{"id":79695,"date":"2024-07-10T13:43:46","date_gmt":"2024-07-10T10:43:46","guid":{"rendered":"https:\/\/freshgarbage.fi\/tuote\/t-t-oksala-border-ep\/"},"modified":"2024-07-10T13:43:46","modified_gmt":"2024-07-10T10:43:46","slug":"t-t-oksala-border-ep","status":"publish","type":"product","link":"https:\/\/freshgarbage.fi\/en\/product\/t-t-oksala-border-ep\/","title":{"rendered":"T. T. Oksala \u2013 Border EP"},"content":{"rendered":"","protected":false},"excerpt":{"rendered":"<p>Geneerinen kansi. Etiketiss\u00e4 &#8220;n\u00e4ytelevy&#8221;-tarra sek\u00e4 aikaisemman omistajan nimi.<\/p>\n","protected":false},"featured_media":19058,"template":"","meta":{"_acf_changed":false},"product_brand":[],"product_cat":[120],"product_tag":[],"class_list":{"0":"post-79695","1":"product","2":"type-product","3":"status-publish","4":"has-post-thumbnail","6":"product_cat-finnish","7":"pa_formaatti-12-en","8":"pa_kaytetty-uusi-2nd-hand","10":"first","11":"instock","12":"shipping-taxable","13":"purchasable","14":"product-type-simple"},"acf":[],"_links":{"self":[{"href":"https:\/\/freshgarbage.fi\/en\/wp-json\/wp\/v2\/product\/79695","targetHints":{"allow":["GET"]}}],"collection":[{"href":"https:\/\/freshgarbage.fi\/en\/wp-json\/wp\/v2\/product"}],"about":[{"href":"https:\/\/freshgarbage.fi\/en\/wp-json\/wp\/v2\/types\/product"}],"wp:featuredmedia":[{"embeddable":true,"href":"https:\/\/freshgarbage.fi\/en\/wp-json\/wp\/v2\/media\/19058"}],"wp:attachment":[{"href":"https:\/\/freshgarbage.fi\/en\/wp-json\/wp\/v2\/media?parent=79695"}],"wp:term":[{"taxonomy":"product_brand","embeddable":true,"href":"https:\/\/freshgarbage.fi\/en\/wp-json\/wp\/v2\/product_brand?post=79695"},{"taxonomy":"product_cat","embeddable":true,"href":"https:\/\/freshgarbage.fi\/en\/wp-json\/wp\/v2\/product_cat?post=79695"},{"taxonomy":"product_tag","embeddable":true,"href":"https:\/\/freshgarbage.fi\/en\/wp-json\/wp\/v2\/product_tag?post=79695"}],"curies":[{"name":"wp","href":"https:\/\/api.w.org\/{rel}","templated":true}]}}