{"id":79005,"date":"2023-11-10T11:40:51","date_gmt":"2023-11-10T09:40:51","guid":{"rendered":"https:\/\/freshgarbage.fi\/tuote\/the-cure-the-caterpillar-maxi\/"},"modified":"2023-11-10T11:40:51","modified_gmt":"2023-11-10T09:40:51","slug":"the-cure-the-caterpillar-maxi","status":"publish","type":"product","link":"https:\/\/freshgarbage.fi\/en\/product\/the-cure-the-caterpillar-maxi\/","title":{"rendered":"The Cure \u2013 The Caterpillar MAXI"},"content":{"rendered":"","protected":false},"excerpt":{"rendered":"<ul>\n<li>Kevytt\u00e4 j\u00e4lke\u00e4 reilummin, soi\u00a0 hyvin<\/li>\n<li>Kannen alareunassa vajaa 10 cm seam split<\/li>\n<\/ul>\n","protected":false},"featured_media":5342,"template":"","meta":{"_acf_changed":false},"product_brand":[],"product_cat":[117],"product_tag":[],"class_list":{"0":"post-79005","1":"product","2":"type-product","3":"status-publish","4":"has-post-thumbnail","6":"product_cat-new-wave-goth-rock-synth-pop-post-punk-en","7":"pa_formaatti-12-en","8":"pa_kaytetty-uusi-2nd-hand","10":"first","11":"outofstock","12":"shipping-taxable","13":"purchasable","14":"product-type-simple"},"acf":[],"_links":{"self":[{"href":"https:\/\/freshgarbage.fi\/en\/wp-json\/wp\/v2\/product\/79005","targetHints":{"allow":["GET"]}}],"collection":[{"href":"https:\/\/freshgarbage.fi\/en\/wp-json\/wp\/v2\/product"}],"about":[{"href":"https:\/\/freshgarbage.fi\/en\/wp-json\/wp\/v2\/types\/product"}],"wp:featuredmedia":[{"embeddable":true,"href":"https:\/\/freshgarbage.fi\/en\/wp-json\/wp\/v2\/media\/5342"}],"wp:attachment":[{"href":"https:\/\/freshgarbage.fi\/en\/wp-json\/wp\/v2\/media?parent=79005"}],"wp:term":[{"taxonomy":"product_brand","embeddable":true,"href":"https:\/\/freshgarbage.fi\/en\/wp-json\/wp\/v2\/product_brand?post=79005"},{"taxonomy":"product_cat","embeddable":true,"href":"https:\/\/freshgarbage.fi\/en\/wp-json\/wp\/v2\/product_cat?post=79005"},{"taxonomy":"product_tag","embeddable":true,"href":"https:\/\/freshgarbage.fi\/en\/wp-json\/wp\/v2\/product_tag?post=79005"}],"curies":[{"name":"wp","href":"https:\/\/api.w.org\/{rel}","templated":true}]}}