{"id":78700,"date":"2023-10-17T13:26:51","date_gmt":"2023-10-17T10:26:51","guid":{"rendered":"https:\/\/freshgarbage.fi\/tuote\/the-cure-pornography\/"},"modified":"2023-10-17T13:26:51","modified_gmt":"2023-10-17T10:26:51","slug":"the-cure-pornography","status":"publish","type":"product","link":"https:\/\/freshgarbage.fi\/en\/product\/the-cure-pornography\/","title":{"rendered":"The Cure \u2013 Pornography"},"content":{"rendered":"","protected":false},"excerpt":{"rendered":"<ul>\n<li>1. UK-painos<\/li>\n<li>Hieman j\u00e4lke\u00e4 levyss\u00e4, soi hienosti<\/li>\n<li>Hieman reunakulumaa<\/li>\n<\/ul>\n","protected":false},"featured_media":3027,"template":"","meta":{"_acf_changed":false},"product_brand":[],"product_cat":[117],"product_tag":[],"class_list":{"0":"post-78700","1":"product","2":"type-product","3":"status-publish","4":"has-post-thumbnail","6":"product_cat-new-wave-goth-rock-synth-pop-post-punk-en","7":"pa_formaatti-lp-en","8":"pa_kaytetty-uusi-2nd-hand","10":"first","11":"outofstock","12":"shipping-taxable","13":"purchasable","14":"product-type-simple"},"acf":[],"_links":{"self":[{"href":"https:\/\/freshgarbage.fi\/en\/wp-json\/wp\/v2\/product\/78700","targetHints":{"allow":["GET"]}}],"collection":[{"href":"https:\/\/freshgarbage.fi\/en\/wp-json\/wp\/v2\/product"}],"about":[{"href":"https:\/\/freshgarbage.fi\/en\/wp-json\/wp\/v2\/types\/product"}],"wp:featuredmedia":[{"embeddable":true,"href":"https:\/\/freshgarbage.fi\/en\/wp-json\/wp\/v2\/media\/3027"}],"wp:attachment":[{"href":"https:\/\/freshgarbage.fi\/en\/wp-json\/wp\/v2\/media?parent=78700"}],"wp:term":[{"taxonomy":"product_brand","embeddable":true,"href":"https:\/\/freshgarbage.fi\/en\/wp-json\/wp\/v2\/product_brand?post=78700"},{"taxonomy":"product_cat","embeddable":true,"href":"https:\/\/freshgarbage.fi\/en\/wp-json\/wp\/v2\/product_cat?post=78700"},{"taxonomy":"product_tag","embeddable":true,"href":"https:\/\/freshgarbage.fi\/en\/wp-json\/wp\/v2\/product_tag?post=78700"}],"curies":[{"name":"wp","href":"https:\/\/api.w.org\/{rel}","templated":true}]}}