{"id":78668,"date":"2023-10-12T17:11:12","date_gmt":"2023-10-12T14:11:12","guid":{"rendered":"https:\/\/freshgarbage.fi\/tuote\/mikey-dread-roots-and-culture-jungle-dread\/"},"modified":"2026-02-07T10:05:22","modified_gmt":"2026-02-07T08:05:22","slug":"mikey-dread-roots-and-culture-jungle-dread","status":"publish","type":"product","link":"https:\/\/freshgarbage.fi\/en\/product\/mikey-dread-roots-and-culture-jungle-dread\/","title":{"rendered":"Mikey Dread \u2013 Roots And Culture \/ Jungle Dread"},"content":{"rendered":"","protected":false},"excerpt":{"rendered":"<ul>\n<li>Yksi selke\u00e4mpi naarmu, soi hienosti.<\/li>\n<li>Kannen yl\u00e4kulmassa tarranpoistorepe\u00e4m\u00e4\u00e4. Lis\u00e4ksi etukanteen liimattu tekstinp\u00e4tk\u00e4 ja takakannessa pieni Radio City tarra.<\/li>\n<\/ul>\n","protected":false},"featured_media":2691,"template":"","meta":{"_acf_changed":false},"product_brand":[],"product_cat":[115],"product_tag":[],"class_list":{"0":"post-78668","1":"product","2":"type-product","3":"status-publish","4":"has-post-thumbnail","6":"product_cat-reggae-dub-dancehall-ska-en","7":"pa_formaatti-12-en","8":"pa_kaytetty-uusi-2nd-hand","10":"first","11":"outofstock","12":"sale","13":"shipping-taxable","14":"purchasable","15":"product-type-simple"},"acf":[],"_links":{"self":[{"href":"https:\/\/freshgarbage.fi\/en\/wp-json\/wp\/v2\/product\/78668","targetHints":{"allow":["GET"]}}],"collection":[{"href":"https:\/\/freshgarbage.fi\/en\/wp-json\/wp\/v2\/product"}],"about":[{"href":"https:\/\/freshgarbage.fi\/en\/wp-json\/wp\/v2\/types\/product"}],"wp:featuredmedia":[{"embeddable":true,"href":"https:\/\/freshgarbage.fi\/en\/wp-json\/wp\/v2\/media\/2691"}],"wp:attachment":[{"href":"https:\/\/freshgarbage.fi\/en\/wp-json\/wp\/v2\/media?parent=78668"}],"wp:term":[{"taxonomy":"product_brand","embeddable":true,"href":"https:\/\/freshgarbage.fi\/en\/wp-json\/wp\/v2\/product_brand?post=78668"},{"taxonomy":"product_cat","embeddable":true,"href":"https:\/\/freshgarbage.fi\/en\/wp-json\/wp\/v2\/product_cat?post=78668"},{"taxonomy":"product_tag","embeddable":true,"href":"https:\/\/freshgarbage.fi\/en\/wp-json\/wp\/v2\/product_tag?post=78668"}],"curies":[{"name":"wp","href":"https:\/\/api.w.org\/{rel}","templated":true}]}}