{"id":78657,"date":"2023-10-11T12:22:33","date_gmt":"2023-10-11T09:22:33","guid":{"rendered":"https:\/\/freshgarbage.fi\/tuote\/fever-tree-for-sale\/"},"modified":"2023-10-11T12:22:33","modified_gmt":"2023-10-11T09:22:33","slug":"fever-tree-for-sale","status":"publish","type":"product","link":"https:\/\/freshgarbage.fi\/en\/product\/fever-tree-for-sale\/","title":{"rendered":"Fever Tree \u2013 For Sale"},"content":{"rendered":"","protected":false},"excerpt":{"rendered":"<ul>\n<li>Hieman kevytt\u00e4 j\u00e4lke\u00e4, soi hyvin<\/li>\n<li>Voimakas ringwear, hieman reunakulumaa<\/li>\n<\/ul>\n","protected":false},"featured_media":2486,"template":"","meta":{"_acf_changed":false},"product_brand":[],"product_cat":[113],"product_tag":[],"class_list":{"0":"post-78657","1":"product","2":"type-product","3":"status-publish","4":"has-post-thumbnail","6":"product_cat-progressive-rock-krautrock-en","7":"pa_formaatti-lp-en","8":"pa_kaytetty-uusi-2nd-hand","10":"first","11":"instock","12":"sale","13":"shipping-taxable","14":"purchasable","15":"product-type-simple"},"acf":[],"_links":{"self":[{"href":"https:\/\/freshgarbage.fi\/en\/wp-json\/wp\/v2\/product\/78657","targetHints":{"allow":["GET"]}}],"collection":[{"href":"https:\/\/freshgarbage.fi\/en\/wp-json\/wp\/v2\/product"}],"about":[{"href":"https:\/\/freshgarbage.fi\/en\/wp-json\/wp\/v2\/types\/product"}],"wp:featuredmedia":[{"embeddable":true,"href":"https:\/\/freshgarbage.fi\/en\/wp-json\/wp\/v2\/media\/2486"}],"wp:attachment":[{"href":"https:\/\/freshgarbage.fi\/en\/wp-json\/wp\/v2\/media?parent=78657"}],"wp:term":[{"taxonomy":"product_brand","embeddable":true,"href":"https:\/\/freshgarbage.fi\/en\/wp-json\/wp\/v2\/product_brand?post=78657"},{"taxonomy":"product_cat","embeddable":true,"href":"https:\/\/freshgarbage.fi\/en\/wp-json\/wp\/v2\/product_cat?post=78657"},{"taxonomy":"product_tag","embeddable":true,"href":"https:\/\/freshgarbage.fi\/en\/wp-json\/wp\/v2\/product_tag?post=78657"}],"curies":[{"name":"wp","href":"https:\/\/api.w.org\/{rel}","templated":true}]}}