{"id":78548,"date":"2023-09-26T16:37:43","date_gmt":"2023-09-26T13:37:43","guid":{"rendered":"https:\/\/freshgarbage.fi\/tuote\/marianne-faithfull-as-tears-go-by\/"},"modified":"2023-09-26T16:37:43","modified_gmt":"2023-09-26T13:37:43","slug":"marianne-faithfull-as-tears-go-by","status":"publish","type":"product","link":"https:\/\/freshgarbage.fi\/en\/product\/marianne-faithfull-as-tears-go-by\/","title":{"rendered":"Marianne Faithfull \u2013 As Tears Go By"},"content":{"rendered":"","protected":false},"excerpt":{"rendered":"<p>Pienell\u00e4 nimi ja p\u00e4iv\u00e4m\u00e4\u00e4r\u00e4 takakannessa.<\/p>\n","protected":false},"featured_media":1426,"template":"","meta":{"_acf_changed":false},"product_brand":[],"product_cat":[116],"product_tag":[],"class_list":{"0":"post-78548","1":"product","2":"type-product","3":"status-publish","4":"has-post-thumbnail","6":"product_cat-rock-pop-en","7":"pa_formaatti-lp-en","8":"pa_kaytetty-uusi-2nd-hand","10":"first","11":"outofstock","12":"sale","13":"shipping-taxable","14":"purchasable","15":"product-type-simple"},"acf":[],"_links":{"self":[{"href":"https:\/\/freshgarbage.fi\/en\/wp-json\/wp\/v2\/product\/78548","targetHints":{"allow":["GET"]}}],"collection":[{"href":"https:\/\/freshgarbage.fi\/en\/wp-json\/wp\/v2\/product"}],"about":[{"href":"https:\/\/freshgarbage.fi\/en\/wp-json\/wp\/v2\/types\/product"}],"wp:featuredmedia":[{"embeddable":true,"href":"https:\/\/freshgarbage.fi\/en\/wp-json\/wp\/v2\/media\/1426"}],"wp:attachment":[{"href":"https:\/\/freshgarbage.fi\/en\/wp-json\/wp\/v2\/media?parent=78548"}],"wp:term":[{"taxonomy":"product_brand","embeddable":true,"href":"https:\/\/freshgarbage.fi\/en\/wp-json\/wp\/v2\/product_brand?post=78548"},{"taxonomy":"product_cat","embeddable":true,"href":"https:\/\/freshgarbage.fi\/en\/wp-json\/wp\/v2\/product_cat?post=78548"},{"taxonomy":"product_tag","embeddable":true,"href":"https:\/\/freshgarbage.fi\/en\/wp-json\/wp\/v2\/product_tag?post=78548"}],"curies":[{"name":"wp","href":"https:\/\/api.w.org\/{rel}","templated":true}]}}