{"id":78438,"date":"2023-09-12T15:12:36","date_gmt":"2023-09-12T12:12:36","guid":{"rendered":"https:\/\/freshgarbage.fi\/tuote\/asgeir-trausti-dyrd-i-daudathogn\/"},"modified":"2023-09-12T15:12:36","modified_gmt":"2023-09-12T12:12:36","slug":"asgeir-trausti-dyrd-i-daudathogn","status":"publish","type":"product","link":"https:\/\/freshgarbage.fi\/en\/product\/asgeir-trausti-dyrd-i-daudathogn\/","title":{"rendered":"\u00c1sgeir Trausti \u2013 D\u00fdr\u00f0 \u00cd Dau\u00f0a\u00fe\u00f6gn"},"content":{"rendered":"","protected":false},"excerpt":{"rendered":"","protected":false},"featured_media":595,"template":"","meta":{"_acf_changed":false},"product_brand":[],"product_cat":[116],"product_tag":[],"class_list":{"0":"post-78438","1":"product","2":"type-product","3":"status-publish","4":"has-post-thumbnail","6":"product_cat-rock-pop-en","7":"pa_formaatti-lp-en","8":"pa_kaytetty-uusi-2nd-hand","10":"first","11":"instock","12":"sale","13":"shipping-taxable","14":"purchasable","15":"product-type-simple"},"acf":[],"_links":{"self":[{"href":"https:\/\/freshgarbage.fi\/en\/wp-json\/wp\/v2\/product\/78438","targetHints":{"allow":["GET"]}}],"collection":[{"href":"https:\/\/freshgarbage.fi\/en\/wp-json\/wp\/v2\/product"}],"about":[{"href":"https:\/\/freshgarbage.fi\/en\/wp-json\/wp\/v2\/types\/product"}],"wp:featuredmedia":[{"embeddable":true,"href":"https:\/\/freshgarbage.fi\/en\/wp-json\/wp\/v2\/media\/595"}],"wp:attachment":[{"href":"https:\/\/freshgarbage.fi\/en\/wp-json\/wp\/v2\/media?parent=78438"}],"wp:term":[{"taxonomy":"product_brand","embeddable":true,"href":"https:\/\/freshgarbage.fi\/en\/wp-json\/wp\/v2\/product_brand?post=78438"},{"taxonomy":"product_cat","embeddable":true,"href":"https:\/\/freshgarbage.fi\/en\/wp-json\/wp\/v2\/product_cat?post=78438"},{"taxonomy":"product_tag","embeddable":true,"href":"https:\/\/freshgarbage.fi\/en\/wp-json\/wp\/v2\/product_tag?post=78438"}],"curies":[{"name":"wp","href":"https:\/\/api.w.org\/{rel}","templated":true}]}}