{"id":78404,"date":"2026-01-13T11:45:29","date_gmt":"2026-01-13T09:45:29","guid":{"rendered":"https:\/\/freshgarbage.fi\/tuote\/tabaco-desintegracion\/"},"modified":"2026-01-13T11:45:29","modified_gmt":"2026-01-13T09:45:29","slug":"tabaco-desintegracion","status":"publish","type":"product","link":"https:\/\/freshgarbage.fi\/en\/product\/tabaco-desintegracion\/","title":{"rendered":"Tabaco \u2013 Desintegracion"},"content":{"rendered":"","protected":false},"excerpt":{"rendered":"<p>Levyss\u00e4 kevytt\u00e4 sis\u00e4pussihankaumaa, mutta soi hienosti.<\/p>\n","protected":false},"featured_media":77089,"template":"","meta":{"_acf_changed":false},"product_brand":[],"product_cat":[131,129],"product_tag":[],"class_list":{"0":"post-78404","1":"product","2":"type-product","3":"status-publish","4":"has-post-thumbnail","6":"product_cat-60s-70s-psych-rock-garage-rock-en","7":"product_cat-blues-blues-rock-en","8":"pa_formaatti-lp-en","9":"pa_kaytetty-uusi-2nd-hand","11":"first","12":"outofstock","13":"shipping-taxable","14":"purchasable","15":"product-type-simple"},"acf":[],"_links":{"self":[{"href":"https:\/\/freshgarbage.fi\/en\/wp-json\/wp\/v2\/product\/78404","targetHints":{"allow":["GET"]}}],"collection":[{"href":"https:\/\/freshgarbage.fi\/en\/wp-json\/wp\/v2\/product"}],"about":[{"href":"https:\/\/freshgarbage.fi\/en\/wp-json\/wp\/v2\/types\/product"}],"wp:featuredmedia":[{"embeddable":true,"href":"https:\/\/freshgarbage.fi\/en\/wp-json\/wp\/v2\/media\/77089"}],"wp:attachment":[{"href":"https:\/\/freshgarbage.fi\/en\/wp-json\/wp\/v2\/media?parent=78404"}],"wp:term":[{"taxonomy":"product_brand","embeddable":true,"href":"https:\/\/freshgarbage.fi\/en\/wp-json\/wp\/v2\/product_brand?post=78404"},{"taxonomy":"product_cat","embeddable":true,"href":"https:\/\/freshgarbage.fi\/en\/wp-json\/wp\/v2\/product_cat?post=78404"},{"taxonomy":"product_tag","embeddable":true,"href":"https:\/\/freshgarbage.fi\/en\/wp-json\/wp\/v2\/product_tag?post=78404"}],"curies":[{"name":"wp","href":"https:\/\/api.w.org\/{rel}","templated":true}]}}